{"id":158,"date":"2026-03-10T11:17:21","date_gmt":"2026-03-10T11:17:21","guid":{"rendered":"https:\/\/shop.wideum.com\/product\/realwear-arc-3\/"},"modified":"2026-04-02T10:58:00","modified_gmt":"2026-04-02T10:58:00","slug":"realwear-arc-3","status":"publish","type":"product","link":"https:\/\/shop.wideum.com\/es\/producto\/realwear-arc-3\/","title":{"rendered":"RealWear ARC-3"},"content":{"rendered":"<div id=\"model-response-message-contentr_ae613543779134df\" class=\"markdown markdown-main-panel stronger enable-updated-hr-color\" dir=\"ltr\" aria-live=\"polite\" aria-busy=\"false\">\n<p data-path-to-node=\"0\">El RealWear Arc 3 utiliza una interfaz transparente que proporciona im\u00e1genes n\u00edtidas de alta definici\u00f3n mientras garantiza que los operarios permanezcan completamente conectados con su entorno f\u00edsico. Ultraligero y dise\u00f1ado para un rendimiento sostenido con un enfoque principal en la protecci\u00f3n del trabajador.<\/p>\n<p data-path-to-node=\"1\"><b data-path-to-node=\"1\" data-index-in-node=\"0\">Pantalla Dual Retina:<\/b> Fidelidad de color de vanguardia para dispositivos port\u00e1tiles de realidad aumentada, produciendo gr\u00e1ficos v\u00edvidos e intrincados que garantizan que los planos t\u00e9cnicos, las anotaciones digitales y las videollamadas en streaming sean instant\u00e1neamente legibles.<\/p>\n<p data-path-to-node=\"2\"><b data-path-to-node=\"2\" data-index-in-node=\"0\">Sistema de Doble C\u00e1mara:<\/b> Un par de lentes frontales proporciona fotograf\u00eda de calidad m\u00f3vil mediante vistas panor\u00e1micas y telefoto. Un sensor integrado orientado al suelo proporciona percepci\u00f3n de profundidad, permitiendo al hardware rastrear flujos de trabajo y movimientos en tiempo real.<\/p>\n<p data-path-to-node=\"3\"><b data-path-to-node=\"3\" data-index-in-node=\"0\">Calibraci\u00f3n Inmediata:<\/b> Una amplia ventana de visualizaci\u00f3n garantiza que la pantalla est\u00e9 clara, brillante y perfectamente centrada en cuanto se coloca el visor. No requiere ajustes ni retoques: simplemente p\u00f3ngaselo y comience a trabajar.<\/p>\n<p data-path-to-node=\"4\"><b data-path-to-node=\"4\" data-index-in-node=\"0\">\u00c1gil y Adaptable:<\/b> Con solo 179 gramos de peso, el Arc 3 se adapta perfectamente sobre gafas correctoras y protecci\u00f3n auditiva industrial, garantizando una adopci\u00f3n sin esfuerzo en configuraciones est\u00e1ndar de equipos de seguridad.<\/p>\n<p data-path-to-node=\"5\"><b data-path-to-node=\"5\" data-index-in-node=\"0\">Sonido Est\u00e9reo de Alta Fidelidad:<\/b> Altavoces laterales en cada lado producen un rendimiento de audio sincronizado y n\u00edtido, incluso cuando se opera en espacios de trabajo ruidosos o dif\u00edciles.<\/p>\n<p data-path-to-node=\"6\"><b data-path-to-node=\"6\" data-index-in-node=\"0\">Contenido del Paquete:<\/b><\/p>\n<p data-path-to-node=\"6\">Unidad RealWear Arc 3, estuche de viaje semir\u00edgido Arc 3, cable de carga USB-C y manual de configuraci\u00f3n b\u00e1sico. Cargador de pared vendido por separado.<\/p>\n<\/div>\n<div id=\"model-response-message-contentr_b1856e6f54c45ae7\" class=\"markdown markdown-main-panel stronger enable-updated-hr-color\" dir=\"ltr\" aria-live=\"polite\" aria-busy=\"false\">\n<p data-path-to-node=\"0\">Siguiendo el estilo establecido, aqu\u00ed est\u00e1 la secci\u00f3n de preguntas frecuentes para el <b data-path-to-node=\"0\" data-index-in-node=\"65\">RealWear Arc 3<\/b>, enfatizando su papel como la evoluci\u00f3n ultraligera de pr\u00f3xima generaci\u00f3n en realidad asistida.<\/p>\n<h3 data-path-to-node=\"2\"><\/h3>\n<h3 data-path-to-node=\"2\"><b data-path-to-node=\"2\" data-index-in-node=\"0\">Preguntas Frecuentes<\/b><\/h3>\n<p id=\"p-rc_34b824559801a063-176\" data-path-to-node=\"3\"><b data-path-to-node=\"3\" data-index-in-node=\"0\">\u00bfEn qu\u00e9 se diferencia el Arc 3 de la serie Navigator 500\/520?<\/b><\/p>\n<p id=\"p-rc_34b824559801a063-176\" data-path-to-node=\"3\"><span class=\"citation-377\">Mientras que la serie Navigator es el \u00abest\u00e1ndar de oro\u00bb para rugosidad extrema (IP66), el <\/span><b data-path-to-node=\"3\" data-index-in-node=\"152\"><span class=\"citation-377\">Arc 3<\/span><\/b><span class=\"citation-377 citation-end-377\"> est\u00e1 dise\u00f1ado para una nueva clase de trabajo en primera l\u00ednea.<\/span> <span class=\"citation-376\">Es significativamente m\u00e1s ligero (<\/span><b data-path-to-node=\"3\" data-index-in-node=\"234\"><span class=\"citation-376\">179 g<\/span><\/b><span class=\"citation-376\"> frente a 270 g), cuenta con una <\/span><b data-path-to-node=\"3\" data-index-in-node=\"260\"><span class=\"citation-376\">pantalla Micro-OLED transparente<\/span><\/b><span class=\"citation-376 citation-end-376\"> y utiliza un sistema de doble c\u00e1mara.<\/span> <span class=\"citation-375 citation-end-375\">Es la opci\u00f3n ideal para entornos como log\u00edstica, farmac\u00e9utica y fabricaci\u00f3n ligera donde la comodidad durante todo el d\u00eda y la conciencia situacional son las m\u00e1ximas prioridades.<\/span><\/p>\n<p id=\"p-rc_34b824559801a063-177\" data-path-to-node=\"4\"><b data-path-to-node=\"4\" data-index-in-node=\"0\">\u00bfCu\u00e1les son las ventajas de una pantalla \u00abtransparente\u00bb?<\/b><\/p>\n<p id=\"p-rc_34b824559801a063-177\" data-path-to-node=\"4\"><span class=\"citation-374\">A diferencia de la pantalla \u00abde un vistazo\u00bb de la serie Navigator, el Arc 3 cuenta con una pantalla <\/span><b data-path-to-node=\"4\" data-index-in-node=\"128\"><span class=\"citation-374\">Micro-OLED transparente<\/span><\/b><span class=\"citation-374 citation-end-374\">.<\/span> <span class=\"citation-373 citation-end-373\">Esto le permite ver datos digitales, superposiciones de RA e instrucciones sin bloquear su l\u00ednea de visi\u00f3n.<\/span> <span class=\"citation-372 citation-end-372\">Proporciona una forma m\u00e1s natural de interactuar con la informaci\u00f3n digital mientras mantiene el 100 % de conciencia de su entorno f\u00edsico.<\/span><\/p>\n<p id=\"p-rc_34b824559801a063-178\" data-path-to-node=\"5\"><b data-path-to-node=\"5\" data-index-in-node=\"0\">\u00bfTiene el Arc 3 las mismas capacidades de control por voz?<\/b><\/p>\n<p id=\"p-rc_34b824559801a063-178\" data-path-to-node=\"5\"><span class=\"citation-371 citation-end-371\">S\u00ed.<\/span> <span class=\"citation-370\">El Arc 3 se controla 100 % por voz y funciona con <\/span><b data-path-to-node=\"5\" data-index-in-node=\"109\"><span class=\"citation-370\">Ari OS<\/span><\/b><span class=\"citation-370 citation-end-370\"> (basado en Android 13).<\/span> <span class=\"citation-369\">Cuenta con un conjunto de 4 micr\u00f3fonos con cancelaci\u00f3n activa de ruido avanzada, permiti\u00e9ndole operar el dispositivo con manos libres en entornos industriales con ruido ambiente de hasta <\/span><b data-path-to-node=\"5\" data-index-in-node=\"311\"><span class=\"citation-369\">100 dBA<\/span><\/b><span class=\"citation-369 citation-end-369\">.<\/span><\/p>\n<p data-path-to-node=\"6\"><b data-path-to-node=\"6\" data-index-in-node=\"0\">\u00bfQu\u00e9 hace especial al sistema de doble c\u00e1mara?<\/b><\/p>\n<p data-path-to-node=\"6\">El Arc 3 es el primer dispositivo RealWear que cuenta con dos c\u00e1maras dedicadas:<\/p>\n<ul data-path-to-node=\"7\">\n<li>\n<p id=\"p-rc_34b824559801a063-179\" data-path-to-node=\"7,0,0\"><b data-path-to-node=\"7,0,0\" data-index-in-node=\"0\"><span class=\"citation-368\">C\u00e1mara Principal de 50 MP:<\/span><\/b><span class=\"citation-368 citation-end-368\"> Para documentaci\u00f3n de alta resoluci\u00f3n y v\u00eddeo 4K de m\u00e1xima nitidez.<\/span><\/p>\n<\/li>\n<li>\n<p id=\"p-rc_34b824559801a063-180\" data-path-to-node=\"7,1,0\"><b data-path-to-node=\"7,1,0\" data-index-in-node=\"0\"><span class=\"citation-367\">C\u00e1mara Gran Angular de 8 MP:<\/span><\/b><span class=\"citation-367\"> Con un campo de visi\u00f3n de 120\u00b0, permite a los expertos remotos ver todo el espacio de trabajo del t\u00e9cnico de una vez durante una sesi\u00f3n de <\/span><b data-path-to-node=\"7,1,0\" data-index-in-node=\"133\"><span class=\"citation-367\">Remote Eye<\/span><\/b><span class=\"citation-367 citation-end-367\">.<\/span><\/p>\n<\/li>\n<\/ul>\n<p id=\"p-rc_34b824559801a063-181\" data-path-to-node=\"8\"><b data-path-to-node=\"8\" data-index-in-node=\"0\">\u00bfEs compatible con mi EPI existente?<\/b><\/p>\n<p id=\"p-rc_34b824559801a063-181\" data-path-to-node=\"8\">Absolutamente. <span class=\"citation-366 citation-end-366\">El Arc 3 fue dise\u00f1ado con una arquitectura modular \u00abOpen-Ear\u00bb.<\/span> <span class=\"citation-365 citation-end-365\">Puede llevarse c\u00f3modamente con gafas graduadas, gafas de seguridad y diversos tipos de protecci\u00f3n para la cabeza.<\/span> <span class=\"citation-364 citation-end-364\">Tambi\u00e9n es compatible con protecci\u00f3n auditiva tipo Peltor y puede fijarse f\u00e1cilmente en cascos industriales est\u00e1ndar.<\/span><\/p>\n<p id=\"p-rc_34b824559801a063-182\" data-path-to-node=\"9\"><b data-path-to-node=\"9\" data-index-in-node=\"0\">\u00bfPuedo cargar el Arc 3 r\u00e1pidamente entre turnos?<\/b><\/p>\n<p id=\"p-rc_34b824559801a063-182\" data-path-to-node=\"9\"><span class=\"citation-363 citation-end-363\">S\u00ed.<\/span> <span class=\"citation-362\">Cuando se combina con la <\/span><b data-path-to-node=\"9\" data-index-in-node=\"73\"><span class=\"citation-362\">Arc 3 Base &#8211; Estaci\u00f3n de Carga<\/span><\/b><span class=\"citation-362\">, el dispositivo admite carga r\u00e1pida, pasando del <\/span><b data-path-to-node=\"9\" data-index-in-node=\"151\"><span class=\"citation-362\">20 % al 80 % en solo 25 minutos<\/span><\/b><span class=\"citation-362 citation-end-362\">.<\/span> <span class=\"citation-361 citation-end-361\">Esto garantiza que, incluso con su bater\u00eda ligera de 2000 mAh, su flota est\u00e9 siempre lista para la siguiente tarea.<\/span><\/p>\n<p id=\"p-rc_34b824559801a063-183\" data-path-to-node=\"10\"><b data-path-to-node=\"10\" data-index-in-node=\"0\">\u00bfEs el Arc 3 tan robusto como otros dispositivos RealWear?<\/b><\/p>\n<p id=\"p-rc_34b824559801a063-183\" data-path-to-node=\"10\">El Arc 3 est\u00e1 dise\u00f1ado para la categor\u00eda \u00abindustrial ligera\u00bb. <span class=\"citation-360\">Tiene una <\/span><b data-path-to-node=\"10\" data-index-in-node=\"118\"><span class=\"citation-360\">clasificaci\u00f3n IP54<\/span><\/b><span class=\"citation-360\"> (protecci\u00f3n contra polvo y salpicaduras de agua) y ha sido probado seg\u00fan <\/span><b data-path-to-node=\"10\" data-index-in-node=\"182\"><span class=\"citation-360\">MIL-STD-810H<\/span><\/b><span class=\"citation-360 citation-end-360\"> para ca\u00eddas de 1 metro.<\/span> <span class=\"citation-359 citation-end-359\">Aunque no est\u00e1 dise\u00f1ado para lavados a alta presi\u00f3n como el Navigator Z1, es lo suficientemente resistente para el uso diario en almacenes, laboratorios y plantas de producci\u00f3n.<\/span><\/p>\n<h3 data-path-to-node=\"12\"><b data-path-to-node=\"12\" data-index-in-node=\"0\">Por qu\u00e9 el RealWear Arc 3 es revolucionario:<\/b><\/h3>\n<ul data-path-to-node=\"13\">\n<li>\n<p id=\"p-rc_34b824559801a063-184\" data-path-to-node=\"13,0,0\"><b data-path-to-node=\"13,0,0\" data-index-in-node=\"0\"><span class=\"citation-358\">Comodidad Inigualable:<\/span><\/b><span class=\"citation-358 citation-end-358\"> Con solo 179 gramos, es lo suficientemente ligero para llevarse durante un turno completo de 8 horas sin tensi\u00f3n cervical ni molestias.<\/span><\/p>\n<\/li>\n<li>\n<p id=\"p-rc_34b824559801a063-185\" data-path-to-node=\"13,1,0\"><b data-path-to-node=\"13,1,0\" data-index-in-node=\"0\">Nitidez Nivel Retina:<\/b><span class=\"citation-357 citation-end-357\"> La pantalla Micro-OLED Full HD (1920&#215;1080) ofrece la mayor precisi\u00f3n de color y nitidez de la gama RealWear.<\/span><\/p>\n<\/li>\n<li>\n<p id=\"p-rc_34b824559801a063-186\" data-path-to-node=\"13,2,0\"><b data-path-to-node=\"13,2,0\" data-index-in-node=\"0\">Seguridad Empresarial:<\/b><span class=\"citation-356 citation-end-356\"> Construido sobre una base segura de Android 13 con soporte para los principales proveedores de MDM (Gesti\u00f3n de Dispositivos M\u00f3viles) para un despliegue de flotas sencillo.<\/span><\/p>\n<\/li>\n<li>\n<p id=\"p-rc_34b824559801a063-187\" data-path-to-node=\"13,3,0\"><b data-path-to-node=\"13,3,0\" data-index-in-node=\"0\">Preparado para IA:<\/b><span class=\"citation-355 citation-end-355\"> El chipset Snapdragon 662 y el Sensor de Conciencia integrado permiten la pr\u00f3xima generaci\u00f3n de flujos de trabajo \u00abvea lo que veo\u00bb impulsados por IA.<\/span><\/p>\n<\/li>\n<\/ul>\n<\/div>\n","protected":false},"excerpt":{"rendered":"<ul>\n<li>\n<p data-path-to-node=\"0,0,0\"><b data-path-to-node=\"0,0,0\" data-index-in-node=\"0\">Pago \u00fanico o suscripci\u00f3n anual<\/b><\/p>\n<\/li>\n<li>\n<p data-path-to-node=\"0,1,0\"><b data-path-to-node=\"0,1,0\" data-index-in-node=\"0\">Ligeras y ergon\u00f3micas<\/b><\/p>\n<\/li>\n<li>\n<p data-path-to-node=\"0,2,0\"><b data-path-to-node=\"0,2,0\" data-index-in-node=\"0\">Interfaz transparente n\u00edtida<\/b><\/p>\n<\/li>\n<li>\n<p data-path-to-node=\"0,3,0\"><b data-path-to-node=\"0,3,0\" data-index-in-node=\"0\">Utilidad por comando de voz, manos libres<\/b><\/p>\n<\/li>\n<li>\n<p data-path-to-node=\"0,4,0\"><b data-path-to-node=\"0,4,0\" data-index-in-node=\"0\">Protegidas y sencillas de supervisar para empresas<\/b><\/p>\n<\/li>\n<li>\n<p data-path-to-node=\"0,5,0\"><b data-path-to-node=\"0,5,0\" data-index-in-node=\"0\">Ventana de visi\u00f3n amplia permanentemente visible<\/b><\/p>\n<\/li>\n<\/ul>\n<h4><span style=\"color: red;\">En stock \u00a0\u00b7 Entrega en 5 d\u00edas<\/span><\/h4>\n","protected":false},"featured_media":157,"comment_status":"closed","ping_status":"closed","template":"","meta":{"_acf_changed":false},"product_brand":[],"product_cat":[47,44],"product_tag":[49],"class_list":{"0":"post-158","1":"product","2":"type-product","3":"status-publish","4":"has-post-thumbnail","6":"product_cat-gafas-inteligentes","7":"product_cat-real-wear","8":"product_tag-gafas-inteligentes","10":"first","11":"instock","12":"taxable","13":"shipping-taxable","14":"purchasable","15":"product-type-simple"},"acf":[],"_links":{"self":[{"href":"https:\/\/shop.wideum.com\/es\/wp-json\/wp\/v2\/product\/158","targetHints":{"allow":["GET"]}}],"collection":[{"href":"https:\/\/shop.wideum.com\/es\/wp-json\/wp\/v2\/product"}],"about":[{"href":"https:\/\/shop.wideum.com\/es\/wp-json\/wp\/v2\/types\/product"}],"replies":[{"embeddable":true,"href":"https:\/\/shop.wideum.com\/es\/wp-json\/wp\/v2\/comments?post=158"}],"wp:featuredmedia":[{"embeddable":true,"href":"https:\/\/shop.wideum.com\/es\/wp-json\/wp\/v2\/media\/157"}],"wp:attachment":[{"href":"https:\/\/shop.wideum.com\/es\/wp-json\/wp\/v2\/media?parent=158"}],"wp:term":[{"taxonomy":"product_brand","embeddable":true,"href":"https:\/\/shop.wideum.com\/es\/wp-json\/wp\/v2\/product_brand?post=158"},{"taxonomy":"product_cat","embeddable":true,"href":"https:\/\/shop.wideum.com\/es\/wp-json\/wp\/v2\/product_cat?post=158"},{"taxonomy":"product_tag","embeddable":true,"href":"https:\/\/shop.wideum.com\/es\/wp-json\/wp\/v2\/product_tag?post=158"}],"curies":[{"name":"wp","href":"https:\/\/api.w.org\/{rel}","templated":true}]}}