{"id":156,"date":"2026-04-06T10:26:58","date_gmt":"2026-04-06T10:26:58","guid":{"rendered":"https:\/\/shop.wideum.com\/product\/vuzix-m400\/"},"modified":"2026-04-02T10:57:49","modified_gmt":"2026-04-02T10:57:49","slug":"vuzix-m400","status":"publish","type":"product","link":"https:\/\/shop.wideum.com\/es\/producto\/vuzix-m400\/","title":{"rendered":"Vuzix M400"},"content":{"rendered":"<div id=\"model-response-message-contentr_b10e4c9203c568aa\" class=\"markdown markdown-main-panel stronger enable-updated-hr-color\" dir=\"ltr\" aria-live=\"polite\" aria-busy=\"false\">\n<p id=\"p-rc_6cffe5e800c12ef6-19\" data-path-to-node=\"0\">El pack M400 Xtreme es ideal para entornos donde las condiciones atmosf\u00e9ricas o los extremos t\u00e9rmicos son una preocupaci\u00f3n. <span class=\"citation-5 citation-end-5\">Combina nuestra bater\u00eda Xtreme Weather de 3200 mAh, ligera, robusta y de alta resistencia \u2014con certificaci\u00f3n IP67\u2014 con una correa ergon\u00f3mica para la cabeza.<\/span> El soporte de campo a larga distancia, las tareas al aire libre y los proyectos en climas extremos son aplicaciones perfectas para el conjunto M400 Xtreme.<\/p>\n<ul data-path-to-node=\"2\">\n<li>\n<p id=\"p-rc_6cffe5e800c12ef6-20\" data-path-to-node=\"2,0,0\"><b data-path-to-node=\"2,0,0\" data-index-in-node=\"0\"><span class=\"citation-4\">Gafas inteligentes M400<\/span><\/b><span class=\"citation-4 citation-end-4\"> (validaci\u00f3n IP67, rango operativo de -20 \u00b0C a 45 \u00b0C)<\/span><\/p>\n<\/li>\n<li>\n<p id=\"p-rc_6cffe5e800c12ef6-21\" data-path-to-node=\"2,1,0\"><b data-path-to-node=\"2,1,0\" data-index-in-node=\"0\"><span class=\"citation-3\">Bater\u00eda Xtreme Weather de 3200 mAh<\/span><\/b><span class=\"citation-3 citation-end-3\"> (vida extendida, validaci\u00f3n IP67, rango operativo de -20 \u00b0C a 45 \u00b0C)<\/span><\/p>\n<\/li>\n<li>\n<p data-path-to-node=\"2,2,0\"><b data-path-to-node=\"2,2,0\" data-index-in-node=\"0\">Diadema ergon\u00f3mica de uso prolongado<\/b><\/p>\n<\/li>\n<li>\n<p data-path-to-node=\"2,3,0\"><b data-path-to-node=\"2,3,0\" data-index-in-node=\"0\">Cable de alimentaci\u00f3n M400<\/b><\/p>\n<\/li>\n<li>\n<p data-path-to-node=\"2,4,0\"><b data-path-to-node=\"2,4,0\" data-index-in-node=\"0\">Cable USB de sincronizaci\u00f3n\/carga<\/b><\/p>\n<\/li>\n<li>\n<p data-path-to-node=\"2,5,0\"><b data-path-to-node=\"2,5,0\" data-index-in-node=\"0\">Estuche de transporte protector<\/b><\/p>\n<\/li>\n<li>\n<p data-path-to-node=\"2,6,0\"><b data-path-to-node=\"2,6,0\" data-index-in-node=\"0\">Manual del operador<\/b><\/p>\n<\/li>\n<li>\n<p data-path-to-node=\"2,7,0\"><b data-path-to-node=\"2,7,0\" data-index-in-node=\"0\">Instrucciones de instalaci\u00f3n<\/b><\/p>\n<\/li>\n<li>\n<p data-path-to-node=\"2,8,0\"><b data-path-to-node=\"2,8,0\" data-index-in-node=\"0\">Garant\u00eda de f\u00e1brica de 12 meses<\/b><\/p>\n<\/li>\n<\/ul>\n<div id=\"model-response-message-contentr_47b7873fdb74fd8b\" class=\"markdown markdown-main-panel stronger enable-updated-hr-color\" dir=\"ltr\" aria-live=\"polite\" aria-busy=\"false\">\n<p data-path-to-node=\"0\">Bas\u00e1ndose en el estilo de la p\u00e1gina del RealWear Navigator 520 y las vers\u00e1tiles caracter\u00edsticas industriales de las <b data-path-to-node=\"0\" data-index-in-node=\"99\">Vuzix M400<\/b>, aqu\u00ed tiene una secci\u00f3n de preguntas frecuentes adaptada.<\/p>\n<h3 data-path-to-node=\"2\"><\/h3>\n<h3 data-path-to-node=\"2\"><b data-path-to-node=\"2\" data-index-in-node=\"0\">Preguntas Frecuentes<\/b><\/h3>\n<p id=\"p-rc_77606e52e1ae87bf-148\" data-path-to-node=\"3\"><b data-path-to-node=\"3\" data-index-in-node=\"0\">\u00bfSon las Vuzix M400 lo suficientemente robustas para uso industrial?<\/b><\/p>\n<p id=\"p-rc_77606e52e1ae87bf-148\" data-path-to-node=\"3\">S\u00ed. <span class=\"citation-311\">Las M400 est\u00e1n dise\u00f1adas para la durabilidad con una <\/span><b data-path-to-node=\"3\" data-index-in-node=\"98\"><span class=\"citation-311\">certificaci\u00f3n IP67<\/span><\/b><span class=\"citation-311 citation-end-311\">, lo que las hace completamente resistentes al polvo e impermeables (capaces de soportar inmersi\u00f3n en agua hasta 1 metro).<\/span> <span class=\"citation-310\">Tambi\u00e9n han sido probadas contra ca\u00eddas desde <\/span><b data-path-to-node=\"3\" data-index-in-node=\"244\"><span class=\"citation-310\">2 metros<\/span><\/b><span class=\"citation-310 citation-end-310\">, garantizando que pueden sobrevivir a las exigencias de entornos de fabricaci\u00f3n, construcci\u00f3n y servicio de campo.<\/span><\/p>\n<p id=\"p-rc_77606e52e1ae87bf-149\" data-path-to-node=\"4\"><b data-path-to-node=\"4\" data-index-in-node=\"0\">\u00bfC\u00f3mo funciona el sistema de bater\u00eda para turnos largos?<\/b><\/p>\n<p id=\"p-rc_77606e52e1ae87bf-149\" data-path-to-node=\"4\"><span class=\"citation-309\">Las M400 cuentan con un exclusivo <\/span><b data-path-to-node=\"4\" data-index-in-node=\"77\"><span class=\"citation-309\">sistema de bater\u00eda intercambiable en caliente<\/span><\/b><span class=\"citation-309 citation-end-309\">.<\/span> <span class=\"citation-308 citation-end-308\">Disponen de una peque\u00f1a bater\u00eda interna que mantiene el dispositivo en funcionamiento durante varios minutos, permiti\u00e9ndole cambiar el m\u00f3dulo de bater\u00eda USB-C externo sin apagar el equipo ni perder su progreso.<\/span> <span class=\"citation-307\">Con varias opciones de bater\u00eda, puede lograr entre <\/span><b data-path-to-node=\"4\" data-index-in-node=\"343\"><span class=\"citation-307\">2 y 12 horas<\/span><\/b><span class=\"citation-307 citation-end-307\"> de funcionamiento continuo.<\/span><\/p>\n<p id=\"p-rc_77606e52e1ae87bf-150\" data-path-to-node=\"5\"><b data-path-to-node=\"5\" data-index-in-node=\"0\">\u00bfPuedo usar las M400 en cualquier ojo?<\/b><\/p>\n<p id=\"p-rc_77606e52e1ae87bf-150\" data-path-to-node=\"5\">Por supuesto. <span class=\"citation-306\">Las M400 est\u00e1n dise\u00f1adas para <\/span><b data-path-to-node=\"5\" data-index-in-node=\"72\"><span class=\"citation-306\">uso ambidiestro<\/span><\/b><span class=\"citation-306 citation-end-306\">.<\/span> <span class=\"citation-305 citation-end-305\">La pantalla y los m\u00f3dulos de bater\u00eda pueden invertirse y montarse f\u00e1cilmente en el lado izquierdo o derecho de su accesorio de cabeza, permiti\u00e9ndole priorizar su ojo dominante o adaptarse a requisitos de seguridad espec\u00edficos en el lugar de trabajo.<\/span><\/p>\n<p id=\"p-rc_77606e52e1ae87bf-151\" data-path-to-node=\"6\"><b data-path-to-node=\"6\" data-index-in-node=\"0\">\u00bfQu\u00e9 opciones de montaje est\u00e1n disponibles para EPI de seguridad?<\/b><\/p>\n<p id=\"p-rc_77606e52e1ae87bf-151\" data-path-to-node=\"6\"><span class=\"citation-304 citation-end-304\">Las M400 son uno de los dispositivos m\u00e1s vers\u00e1tiles del mercado en cuanto a montaje.<\/span> Pueden fijarse a:<\/p>\n<ul data-path-to-node=\"7\">\n<li>\n<p id=\"p-rc_77606e52e1ae87bf-152\" data-path-to-node=\"7,0,0\"><b data-path-to-node=\"7,0,0\" data-index-in-node=\"0\"><span class=\"citation-303\">Monturas est\u00e1ndar:<\/span><\/b><span class=\"citation-303 citation-end-303\"> Monturas ligeras sin lentes (incluidas).<\/span><\/p>\n<\/li>\n<li>\n<p id=\"p-rc_77606e52e1ae87bf-153\" data-path-to-node=\"7,1,0\"><b data-path-to-node=\"7,1,0\" data-index-in-node=\"0\"><span class=\"citation-302\">Gafas de seguridad:<\/span><\/b><span class=\"citation-302 citation-end-302\"> Compatible con diversas gafas de seguridad certificadas ANSI.<\/span><\/p>\n<\/li>\n<li>\n<p id=\"p-rc_77606e52e1ae87bf-154\" data-path-to-node=\"7,2,0\"><b data-path-to-node=\"7,2,0\" data-index-in-node=\"0\">Cascos:<\/b><span class=\"citation-301 citation-end-301\"> Clips especializados para integraci\u00f3n perfecta con cascos industriales.<\/span><\/p>\n<\/li>\n<li>\n<p data-path-to-node=\"7,3,0\"><b data-path-to-node=\"7,3,0\" data-index-in-node=\"0\">Diademas:<\/b> Para tareas de alto movimiento donde la estabilidad es clave.<\/p>\n<\/li>\n<\/ul>\n<p id=\"p-rc_77606e52e1ae87bf-155\" data-path-to-node=\"8\"><b data-path-to-node=\"8\" data-index-in-node=\"0\">\u00bfC\u00f3mo funciona el control por voz en entornos ruidosos?<\/b><\/p>\n<p id=\"p-rc_77606e52e1ae87bf-155\" data-path-to-node=\"8\"><span class=\"citation-300\">El dispositivo utiliza un <\/span><b data-path-to-node=\"8\" data-index-in-node=\"80\"><span class=\"citation-300\">conjunto de triple micr\u00f3fono con cancelaci\u00f3n de ruido<\/span><\/b><span class=\"citation-300 citation-end-300\"> combinado con algoritmos avanzados de reconocimiento de voz.<\/span> Esto le permite escuchar y ejecutar sus comandos de voz con precisi\u00f3n incluso en salas de m\u00e1quinas ruidosas o almacenes concurridos, garantizando una experiencia verdaderamente manos libres.<\/p>\n<p id=\"p-rc_77606e52e1ae87bf-156\" data-path-to-node=\"9\"><b data-path-to-node=\"9\" data-index-in-node=\"0\">\u00bfPuede utilizarse la c\u00e1mara para inspecciones remotas de alta calidad?<\/b><\/p>\n<p id=\"p-rc_77606e52e1ae87bf-156\" data-path-to-node=\"9\">S\u00ed. <span class=\"citation-299\">Las M400 est\u00e1n equipadas con una <\/span><b data-path-to-node=\"9\" data-index-in-node=\"110\"><span class=\"citation-299\">c\u00e1mara de 12,8 MP<\/span><\/b><span class=\"citation-299\"> de alto rendimiento capaz de transmitir <\/span><b data-path-to-node=\"9\" data-index-in-node=\"145\"><span class=\"citation-299\">v\u00eddeo 4K a 30 fps<\/span><\/b><span class=\"citation-299 citation-end-299\">.<\/span> <span class=\"citation-298\">Cuenta con autoenfoque por detecci\u00f3n de fase (PDAF), lo que la hace ideal para escanear c\u00f3digos de barras peque\u00f1os o mostrar detalles en alta definici\u00f3n a un experto remoto mediante <\/span><b data-path-to-node=\"9\" data-index-in-node=\"312\"><span class=\"citation-298\">Remote Eye<\/span><\/b><span class=\"citation-298 citation-end-298\">.<\/span><\/p>\n<p id=\"p-rc_77606e52e1ae87bf-157\" data-path-to-node=\"10\"><b data-path-to-node=\"10\" data-index-in-node=\"0\">\u00bfSon las M400 compatibles con entornos m\u00e9dicos?<\/b><\/p>\n<p id=\"p-rc_77606e52e1ae87bf-157\" data-path-to-node=\"10\"><span class=\"citation-297\">S\u00ed, las M400 est\u00e1n <\/span><b data-path-to-node=\"10\" data-index-in-node=\"67\"><span class=\"citation-297\">certificadas IEC 60601-1-2:2014<\/span><\/b><span class=\"citation-297 citation-end-297\"> para seguridad y rendimiento de equipos el\u00e9ctricos m\u00e9dicos.<\/span> <span class=\"citation-296 citation-end-296\">Su dise\u00f1o robusto y no poroso permite desinfectarlas con toallitas de alcohol est\u00e1ndar, convirti\u00e9ndolas en una opci\u00f3n preferida para telemedicina y asistencia quir\u00fargica.<\/span><\/p>\n<h3 data-path-to-node=\"12\"><b data-path-to-node=\"12\" data-index-in-node=\"0\">Por qu\u00e9 las Vuzix M400 son una opci\u00f3n destacada para trabajadores de primera l\u00ednea:<\/b><\/h3>\n<ul data-path-to-node=\"13\">\n<li>\n<p id=\"p-rc_77606e52e1ae87bf-158\" data-path-to-node=\"13,0,0\"><b data-path-to-node=\"13,0,0\" data-index-in-node=\"0\">Procesamiento potente:<\/b><span class=\"citation-295\"> Basadas en la plataforma <\/span><b data-path-to-node=\"13,0,0\" data-index-in-node=\"34\"><span class=\"citation-295\">Qualcomm Snapdragon XR1<\/span><\/b><span class=\"citation-295 citation-end-295\">, ofrecen la velocidad y el rendimiento necesarios para superposiciones AR complejas y transmisi\u00f3n de v\u00eddeo fluida.<\/span><\/p>\n<\/li>\n<li>\n<p id=\"p-rc_77606e52e1ae87bf-159\" data-path-to-node=\"13,1,0\"><b data-path-to-node=\"13,1,0\" data-index-in-node=\"0\">Pantalla excepcional:<\/b><span class=\"citation-294\"> La <\/span><b data-path-to-node=\"13,1,0\" data-index-in-node=\"25\"><span class=\"citation-294\">pantalla OLED<\/span><\/b><span class=\"citation-294 citation-end-294\"> proporciona alto contraste (&gt;10 000:1) y m\u00e1s de 2000 nits de brillo, garantizando que los datos sean claramente visibles incluso bajo la luz solar directa.<\/span><\/p>\n<\/li>\n<li>\n<p id=\"p-rc_77606e52e1ae87bf-160\" data-path-to-node=\"13,2,0\"><b data-path-to-node=\"13,2,0\" data-index-in-node=\"0\"><span class=\"citation-293\">Listas para sala blanca:<\/span><\/b><span class=\"citation-293\"> Con una certificaci\u00f3n <\/span><b data-path-to-node=\"13,2,0\" data-index-in-node=\"26\"><span class=\"citation-293\">ISO 14644-1 Clase 2<\/span><\/b><span class=\"citation-293 citation-end-293\">, son adecuadas para su uso en entornos de fabricaci\u00f3n farmac\u00e9utica y de semiconductores altamente sensibles.<\/span><\/p>\n<\/li>\n<li>\n<p id=\"p-rc_77606e52e1ae87bf-161\" data-path-to-node=\"13,3,0\"><b data-path-to-node=\"13,3,0\" data-index-in-node=\"0\"><span class=\"citation-292\">Conectividad perfecta:<\/span><\/b><span class=\"citation-292 citation-end-292\"> Incluyen Wi-Fi 5 de alta velocidad y Bluetooth 5.0, garantizando una conexi\u00f3n estable a su red corporativa y dispositivos perif\u00e9ricos como c\u00e1maras t\u00e9rmicas o esc\u00e1neres.<\/span><\/p>\n<\/li>\n<\/ul>\n<\/div>\n<\/div>\n","protected":false},"excerpt":{"rendered":"<ul>\n<li data-path-to-node=\"0\">Interfaz OLED de alta luminosidad<\/li>\n<li data-path-to-node=\"1\">Compra \u00fanica o suscripci\u00f3n anual<\/li>\n<li data-path-to-node=\"1\">Ligeras y ergon\u00f3micas<\/li>\n<li data-path-to-node=\"1\">Utilidad por comando de voz, manos libres<\/li>\n<li data-path-to-node=\"1\">Protegidas y sencillas de supervisar para empresas<\/li>\n<li data-path-to-node=\"1\">Ventana de visi\u00f3n amplia permanentemente visible<\/li>\n<\/ul>\n<h4><span style=\"color: red;\">En stock \u00a0\u00b7 Entrega en 5 d\u00edas<\/span><\/h4>\n","protected":false},"featured_media":155,"comment_status":"closed","ping_status":"closed","template":"","meta":{"_acf_changed":false},"product_brand":[],"product_cat":[47,51],"product_tag":[49],"class_list":{"0":"post-156","1":"product","2":"type-product","3":"status-publish","4":"has-post-thumbnail","6":"product_cat-gafas-inteligentes","7":"product_cat-vuzix","8":"product_tag-gafas-inteligentes","10":"first","11":"instock","12":"taxable","13":"shipping-taxable","14":"purchasable","15":"product-type-simple"},"acf":[],"_links":{"self":[{"href":"https:\/\/shop.wideum.com\/es\/wp-json\/wp\/v2\/product\/156","targetHints":{"allow":["GET"]}}],"collection":[{"href":"https:\/\/shop.wideum.com\/es\/wp-json\/wp\/v2\/product"}],"about":[{"href":"https:\/\/shop.wideum.com\/es\/wp-json\/wp\/v2\/types\/product"}],"replies":[{"embeddable":true,"href":"https:\/\/shop.wideum.com\/es\/wp-json\/wp\/v2\/comments?post=156"}],"wp:featuredmedia":[{"embeddable":true,"href":"https:\/\/shop.wideum.com\/es\/wp-json\/wp\/v2\/media\/155"}],"wp:attachment":[{"href":"https:\/\/shop.wideum.com\/es\/wp-json\/wp\/v2\/media?parent=156"}],"wp:term":[{"taxonomy":"product_brand","embeddable":true,"href":"https:\/\/shop.wideum.com\/es\/wp-json\/wp\/v2\/product_brand?post=156"},{"taxonomy":"product_cat","embeddable":true,"href":"https:\/\/shop.wideum.com\/es\/wp-json\/wp\/v2\/product_cat?post=156"},{"taxonomy":"product_tag","embeddable":true,"href":"https:\/\/shop.wideum.com\/es\/wp-json\/wp\/v2\/product_tag?post=156"}],"curies":[{"name":"wp","href":"https:\/\/api.w.org\/{rel}","templated":true}]}}