{"id":152,"date":"2026-03-11T11:26:33","date_gmt":"2026-03-11T11:26:33","guid":{"rendered":"https:\/\/shop.wideum.com\/product\/vuzix-lx1\/"},"modified":"2026-04-02T10:57:28","modified_gmt":"2026-04-02T10:57:28","slug":"vuzix-lx1","status":"publish","type":"product","link":"https:\/\/shop.wideum.com\/es\/producto\/vuzix-lx1\/","title":{"rendered":"Vuzix LX1"},"content":{"rendered":"<div id=\"model-response-message-contentr_e9eb29dec84a03e3\" class=\"markdown markdown-main-panel stronger enable-updated-hr-color\" dir=\"ltr\" aria-live=\"polite\" aria-busy=\"false\">\n<p data-path-to-node=\"0\">Dise\u00f1adas para la log\u00edstica y el mantenimiento in situ, las gafas inteligentes Vuzix LX1 combinan una resistencia de grado industrial con una utilidad manos libres fluida para potenciar la eficiencia de su personal. Con una n\u00edtida interfaz de visualizaci\u00f3n frontal, navegaci\u00f3n por voz y un chipset Qualcomm\u00ae para un rendimiento sostenido, las LX1 permiten al personal acceder a listas de inventario, transmitir v\u00eddeo en directo y supervisar tareas manteniendo la movilidad. Clasificadas para su uso hasta a -20 \u00b0C y alimentadas por una bater\u00eda de alto rendimiento, las LX1 est\u00e1n fabricadas para los entornos m\u00e1s exigentes.<\/p>\n<ul data-path-to-node=\"2\">\n<li>\n<p data-path-to-node=\"2,0,0\"><b data-path-to-node=\"2,0,0\" data-index-in-node=\"0\">Gafas inteligentes LX1<\/b> (rango operativo de -20 \u00b0C\/-4 \u00b0F a 45 \u00b0C\/113 \u00b0F)<\/p>\n<\/li>\n<li>\n<p data-path-to-node=\"2,1,0\">Bater\u00eda de clip <b data-path-to-node=\"2,1,0\" data-index-in-node=\"0\">7000 mAh de autonom\u00eda extendida<\/b><\/p>\n<\/li>\n<li>\n<p data-path-to-node=\"2,2,0\"><b data-path-to-node=\"2,2,0\" data-index-in-node=\"0\">Diadema ajustable<\/b> con fijaci\u00f3n de cambio r\u00e1pido<\/p>\n<\/li>\n<li>\n<p data-path-to-node=\"2,3,0\">Hub de carga de bater\u00edas multibah\u00eda <b data-path-to-node=\"2,3,0\" data-index-in-node=\"0\">opcional<\/b><\/p>\n<\/li>\n<li>\n<p data-path-to-node=\"2,4,0\">Kit de montaje integrado en gorra <b data-path-to-node=\"2,4,0\" data-index-in-node=\"0\">opcional<\/b><\/p>\n<\/li>\n<li>\n<p data-path-to-node=\"2,5,0\"><b data-path-to-node=\"2,5,0\" data-index-in-node=\"0\">Manual de instrucciones<\/b><\/p>\n<\/li>\n<li>\n<p data-path-to-node=\"2,6,0\"><b data-path-to-node=\"2,6,0\" data-index-in-node=\"0\">Gu\u00eda de instalaci\u00f3n<\/b><\/p>\n<\/li>\n<li>\n<p data-path-to-node=\"2,7,0\">Garant\u00eda limitada de f\u00e1brica de <b data-path-to-node=\"2,7,0\" data-index-in-node=\"0\">12 meses<\/b><\/p>\n<\/li>\n<\/ul>\n<div id=\"model-response-message-contentr_8eebd4a4a6ecae4a\" class=\"markdown markdown-main-panel stronger enable-updated-hr-color\" dir=\"ltr\" aria-live=\"polite\" aria-busy=\"false\">\n<p data-path-to-node=\"0\">Basado en el estilo de las p\u00e1ginas de productos Epson BT-45CS y RealWear, presentamos una secci\u00f3n de preguntas frecuentes adaptada para las gafas inteligentes <b data-path-to-node=\"0\" data-index-in-node=\"107\">Vuzix LX1<\/b>, destacando su dise\u00f1o espec\u00edfico para entornos de almac\u00e9n y log\u00edstica.<\/p>\n<h3 data-path-to-node=\"2\"><\/h3>\n<h3 data-path-to-node=\"2\"><b data-path-to-node=\"2\" data-index-in-node=\"0\">Preguntas Frecuentes<\/b><\/h3>\n<p id=\"p-rc_6803d003330d491c-104\" data-path-to-node=\"3\"><b data-path-to-node=\"3\" data-index-in-node=\"0\">\u00bfEn qu\u00e9 se diferencian las Vuzix LX1 de otras gafas monoculares como las M400?<\/b><\/p>\n<p id=\"p-rc_6803d003330d491c-104\" data-path-to-node=\"3\"><span class=\"citation-209\">Las Vuzix LX1 se han fabricado espec\u00edficamente para el <\/span><b data-path-to-node=\"3\" data-index-in-node=\"123\"><span class=\"citation-209\">almacenamiento y la log\u00edstica<\/span><\/b><span class=\"citation-209 citation-end-209\">.<\/span> <span class=\"citation-208\">Mientras que las M400 son un dispositivo polivalente, las LX1 cuentan con una montura reforzada especializada, una bater\u00eda de alta capacidad de 7000 mAh de larga duraci\u00f3n y est\u00e1n dise\u00f1adas para actualizar los sistemas de picking por voz obsoletos a una soluci\u00f3n h\u00edbrida de picking por <\/span><b data-path-to-node=\"3\" data-index-in-node=\"357\"><span class=\"citation-208\">voz + visi\u00f3n<\/span><\/b><span class=\"citation-208 citation-end-208\">.<\/span><\/p>\n<p id=\"p-rc_6803d003330d491c-105\" data-path-to-node=\"4\"><b data-path-to-node=\"4\" data-index-in-node=\"0\">\u00bfPueden usarse las LX1 con gafas graduadas o de seguridad?<\/b><\/p>\n<p id=\"p-rc_6803d003330d491c-105\" data-path-to-node=\"4\">S\u00ed. <span class=\"citation-207 citation-end-207\">Las LX1 est\u00e1n dise\u00f1adas con un sistema de montaje modular y una diadema flexible que permite llevarlas c\u00f3modamente sobre la mayor\u00eda de las gafas graduadas y de seguridad est\u00e1ndar.<\/span> <span class=\"citation-206 citation-end-206\">Su dise\u00f1o monocular garantiza que su visi\u00f3n perif\u00e9rica permanezca despejada para mayor seguridad en entornos concurridos.<\/span><\/p>\n<p id=\"p-rc_6803d003330d491c-106\" data-path-to-node=\"5\"><b data-path-to-node=\"5\" data-index-in-node=\"0\">\u00bfEs el dispositivo adecuado para su uso en c\u00e1maras frigor\u00edficas o congeladores?<\/b><\/p>\n<p id=\"p-rc_6803d003330d491c-106\" data-path-to-node=\"5\"><span class=\"citation-205 citation-end-205\">Por supuesto.<\/span> <span class=\"citation-204\">Las Vuzix LX1 son <\/span><b data-path-to-node=\"5\" data-index-in-node=\"89\"><span class=\"citation-204\">aptas para congeladores<\/span><\/b><span class=\"citation-204\">, con un rango de temperatura de funcionamiento de <\/span><b data-path-to-node=\"5\" data-index-in-node=\"143\"><span class=\"citation-204\">-20 \u00b0C a 45 \u00b0C (-4 \u00b0F a 113 \u00b0F)<\/span><\/b><span class=\"citation-204 citation-end-204\">.<\/span> <span class=\"citation-203 citation-end-203\">Esto las convierte en una soluci\u00f3n ideal para la log\u00edstica de la cadena de fr\u00edo, almacenes refrigerados y servicios de campo extremos al aire libre.<\/span><\/p>\n<p id=\"p-rc_6803d003330d491c-107\" data-path-to-node=\"6\"><b data-path-to-node=\"6\" data-index-in-node=\"0\">\u00bfCu\u00e1nto dura la bater\u00eda durante un turno t\u00edpico?<\/b><\/p>\n<p id=\"p-rc_6803d003330d491c-107\" data-path-to-node=\"6\"><span class=\"citation-202\">Las LX1 incluyen una <\/span><b data-path-to-node=\"6\" data-index-in-node=\"90\"><span class=\"citation-202\">bater\u00eda de clip de 7000 mAh<\/span><\/b><span class=\"citation-202 citation-end-202\"> de alta capacidad dise\u00f1ada para durar un turno de trabajo completo de 10 horas con una sola carga.<\/span> <span class=\"citation-201 citation-end-201\">Esto elimina la necesidad de cambios en caliente o recargas a mitad de turno, garantizando un tiempo de actividad constante para su personal.<\/span><\/p>\n<p id=\"p-rc_6803d003330d491c-108\" data-path-to-node=\"7\"><b data-path-to-node=\"7\" data-index-in-node=\"0\">\u00bfC\u00f3mo rinden las LX1 en entornos industriales ruidosos?<\/b><\/p>\n<p id=\"p-rc_6803d003330d491c-108\" data-path-to-node=\"7\"><span class=\"citation-200\">El dispositivo est\u00e1 equipado con una matriz de <\/span><b data-path-to-node=\"7\" data-index-in-node=\"88\"><span class=\"citation-200\">triple micr\u00f3fono con cancelaci\u00f3n de ruido<\/span><\/b><span class=\"citation-200\"> y un <\/span><b data-path-to-node=\"7\" data-index-in-node=\"146\"><span class=\"citation-200\">micr\u00f3fono de conducci\u00f3n \u00f3sea<\/span><\/b><span class=\"citation-200 citation-end-200\"> adicional.<\/span> <span class=\"citation-199 citation-end-199\">Esta configuraci\u00f3n de audio avanzada garantiza comandos de voz de alta precisi\u00f3n y una comunicaci\u00f3n n\u00edtida incluso en centros de distribuci\u00f3n ruidosos o cerca de maquinaria pesada.<\/span><\/p>\n<p id=\"p-rc_6803d003330d491c-109\" data-path-to-node=\"8\"><b data-path-to-node=\"8\" data-index-in-node=\"0\">\u00bfPuede la c\u00e1mara gestionar el escaneo de c\u00f3digos de barras a alta velocidad?<\/b><\/p>\n<p id=\"p-rc_6803d003330d491c-109\" data-path-to-node=\"8\">S\u00ed. Las LX1 cuentan con una c\u00e1mara de alto rendimiento de <b data-path-to-node=\"8\" data-index-in-node=\"92\">12 MP\/4K<\/b> con enfoque autom\u00e1tico y capacidades de escaneo mediante IA. <span class=\"citation-198 citation-end-198\">Est\u00e1 optimizada para el escaneo r\u00e1pido de c\u00f3digos de barras y OCR (reconocimiento \u00f3ptico de caracteres), proporcionando confirmaci\u00f3n visual instant\u00e1nea al trabajador para reducir errores de picking.<\/span><\/p>\n<p id=\"p-rc_6803d003330d491c-110\" data-path-to-node=\"9\"><b data-path-to-node=\"9\" data-index-in-node=\"0\">\u00bfEs compatible con software de asistencia remota?<\/b><\/p>\n<p id=\"p-rc_6803d003330d491c-110\" data-path-to-node=\"9\">S\u00ed. Como todos los dispositivos profesionales de Vuzix, las LX1 son totalmente compatibles con <b data-path-to-node=\"9\" data-index-in-node=\"119\">Remote Eye<\/b> y <b data-path-to-node=\"9\" data-index-in-node=\"134\">Process Eye<\/b>. <span class=\"citation-197 citation-end-197\">Esto permite que un supervisor remoto vea exactamente lo que ve el trabajador del almac\u00e9n en resoluci\u00f3n 4K, proporcionando orientaci\u00f3n o resoluci\u00f3n de problemas en tiempo real sin que el experto tenga que estar presente.<\/span><\/p>\n<h3 data-path-to-node=\"11\"><b data-path-to-node=\"11\" data-index-in-node=\"0\">\u00bfPor qu\u00e9 elegir las Vuzix LX1 para su operaci\u00f3n?<\/b><\/h3>\n<ul data-path-to-node=\"12\">\n<li>\n<p id=\"p-rc_6803d003330d491c-111\" data-path-to-node=\"12,0,0\"><b data-path-to-node=\"12,0,0\" data-index-in-node=\"0\"><span class=\"citation-196\">Eficiencia de picking h\u00edbrido:<\/span><\/b><span class=\"citation-196 citation-end-196\"> combine la velocidad del picking por voz con la precisi\u00f3n de las confirmaciones de escaneo visual y las listas de picking digitales.<\/span><\/p>\n<\/li>\n<li>\n<p id=\"p-rc_6803d003330d491c-112\" data-path-to-node=\"12,1,0\"><b data-path-to-node=\"12,1,0\" data-index-in-node=\"0\">Software preparado para el futuro:<\/b><span class=\"citation-195\"> con el lanzamiento de <\/span><b data-path-to-node=\"12,1,0\" data-index-in-node=\"38\"><span class=\"citation-195\">Android 15<\/span><\/b><span class=\"citation-195 citation-end-195\">, las LX1 ofrecen disponibilidad de SoC (System on Chip) a largo plazo y actualizaciones anuales del SO hasta 2030.<\/span><\/p>\n<\/li>\n<li>\n<p id=\"p-rc_6803d003330d491c-113\" data-path-to-node=\"12,2,0\"><b data-path-to-node=\"12,2,0\" data-index-in-node=\"0\">Calidad de pantalla superior:<\/b><span class=\"citation-194\"> la <\/span><b data-path-to-node=\"12,2,0\" data-index-in-node=\"30\"><span class=\"citation-194\">pantalla Sony OLED HD<\/span><\/b><span class=\"citation-194 citation-end-194\"> ofrece m\u00e1s de 2000 nits de brillo y una relaci\u00f3n de contraste de 10.000:1, garantizando que los datos sean legibles incluso en entornos con mucho resplandor.<\/span><\/p>\n<\/li>\n<li>\n<p id=\"p-rc_6803d003330d491c-114\" data-path-to-node=\"12,3,0\"><b data-path-to-node=\"12,3,0\" data-index-in-node=\"0\">Despliegue r\u00e1pido:<\/b><span class=\"citation-193\"> gracias a la tecnolog\u00eda <\/span><b data-path-to-node=\"12,3,0\" data-index-in-node=\"28\"><span class=\"citation-193\">NFC de emparejamiento por contacto<\/span><\/b><span class=\"citation-193 citation-end-193\">, las LX1 pueden asignarse r\u00e1pidamente a diferentes trabajadores en flotas compartidas, simplificando el despliegue en operaciones a gran escala.<\/span><\/p>\n<\/li>\n<\/ul>\n<\/div>\n<\/div>\n","protected":false},"excerpt":{"rendered":"<h3 data-path-to-node=\"0\">Rendimiento optimizado y versatilidad<\/h3>\n<ul data-path-to-node=\"1\">\n<li>\n<p data-path-to-node=\"1,0,0\">Inversi\u00f3n inicial o planes de servicio anuales<\/p>\n<\/li>\n<li>\n<p data-path-to-node=\"1,1,0\">Ergon\u00f3micas y resistentes al desgaste<\/p>\n<\/li>\n<li>\n<p data-path-to-node=\"1,2,0\">Interfaz de visualizaci\u00f3n frontal vibrante<\/p>\n<\/li>\n<li>\n<p data-path-to-node=\"1,3,0\">Utilidad sin obst\u00e1culos mediante comandos de voz<\/p>\n<\/li>\n<li>\n<p data-path-to-node=\"1,4,0\">Protegidas y sencillas de desplegar para el departamento de TI<\/p>\n<\/li>\n<li>\n<p data-path-to-node=\"1,5,0\">Zona focal amplia de visi\u00f3n constante<\/p>\n<\/li>\n<\/ul>\n<h4><span style=\"color: red;\">En stock \u00a0\u00b7 Entrega en 5 d\u00edas<\/span><\/h4>\n","protected":false},"featured_media":151,"comment_status":"closed","ping_status":"closed","template":"","meta":{"_acf_changed":false},"product_brand":[],"product_cat":[47,51],"product_tag":[49],"class_list":{"0":"post-152","1":"product","2":"type-product","3":"status-publish","4":"has-post-thumbnail","6":"product_cat-gafas-inteligentes","7":"product_cat-vuzix","8":"product_tag-gafas-inteligentes","10":"first","11":"instock","12":"taxable","13":"shipping-taxable","14":"purchasable","15":"product-type-simple"},"acf":[],"_links":{"self":[{"href":"https:\/\/shop.wideum.com\/es\/wp-json\/wp\/v2\/product\/152","targetHints":{"allow":["GET"]}}],"collection":[{"href":"https:\/\/shop.wideum.com\/es\/wp-json\/wp\/v2\/product"}],"about":[{"href":"https:\/\/shop.wideum.com\/es\/wp-json\/wp\/v2\/types\/product"}],"replies":[{"embeddable":true,"href":"https:\/\/shop.wideum.com\/es\/wp-json\/wp\/v2\/comments?post=152"}],"wp:featuredmedia":[{"embeddable":true,"href":"https:\/\/shop.wideum.com\/es\/wp-json\/wp\/v2\/media\/151"}],"wp:attachment":[{"href":"https:\/\/shop.wideum.com\/es\/wp-json\/wp\/v2\/media?parent=152"}],"wp:term":[{"taxonomy":"product_brand","embeddable":true,"href":"https:\/\/shop.wideum.com\/es\/wp-json\/wp\/v2\/product_brand?post=152"},{"taxonomy":"product_cat","embeddable":true,"href":"https:\/\/shop.wideum.com\/es\/wp-json\/wp\/v2\/product_cat?post=152"},{"taxonomy":"product_tag","embeddable":true,"href":"https:\/\/shop.wideum.com\/es\/wp-json\/wp\/v2\/product_tag?post=152"}],"curies":[{"name":"wp","href":"https:\/\/api.w.org\/{rel}","templated":true}]}}