{"id":150,"date":"2026-03-11T11:30:57","date_gmt":"2026-03-11T11:30:57","guid":{"rendered":"https:\/\/shop.wideum.com\/product\/vuzix-blade-2\/"},"modified":"2026-04-02T10:57:11","modified_gmt":"2026-04-02T10:57:11","slug":"vuzix-blade-2","status":"publish","type":"product","link":"https:\/\/shop.wideum.com\/es\/producto\/vuzix-blade-2\/","title":{"rendered":"Vuzix Blade 2"},"content":{"rendered":"<div id=\"model-response-message-contentr_fbb37ee315e2b6d0\" class=\"markdown markdown-main-panel stronger enable-updated-hr-color\" dir=\"ltr\" aria-live=\"polite\" aria-busy=\"false\">\n<p id=\"p-rc_99c297b4c0978a80-19\" data-path-to-node=\"0\"><span class=\"citation-37 citation-end-37\">Dise\u00f1adas para la fuerza laboral moderna sin escritorio, las gafas inteligentes Vuzix Blade 2 fusionan a la perfecci\u00f3n la est\u00e9tica de alta moda con la utilidad de grado industrial.<\/span> <span class=\"citation-36 citation-end-36\">Al combinar una \u00f3ptica de gu\u00eda de ondas avanzada con una montura ligera y ergon\u00f3mica, las Blade 2 proporcionan a los profesionales de primera l\u00ednea un portal manos libres de visualizaci\u00f3n frontal a datos cr\u00edticos y asistencia remota sin obstruir su campo de visi\u00f3n natural.<\/span> <span class=\"citation-35 citation-end-35\">Dise\u00f1adas para su uso durante toda la jornada y para garantizar la seguridad, estas gafas transforman flujos de trabajo complejos en operaciones digitales optimizadas.<\/span><\/p>\n<h3 data-path-to-node=\"1\"><b data-path-to-node=\"1\" data-index-in-node=\"0\">Rendimiento de grado empresarial<\/b><\/h3>\n<ul data-path-to-node=\"2\">\n<li>\n<p id=\"p-rc_99c297b4c0978a80-20\" data-path-to-node=\"2,0,0\"><b data-path-to-node=\"2,0,0\" data-index-in-node=\"0\"><span class=\"citation-34\">Ecosistema de software moderno:<\/span><\/b><span class=\"citation-34\"> Al ejecutarse con <\/span><b data-path-to-node=\"2,0,0\" data-index-in-node=\"38\"><span class=\"citation-34\">Android 11<\/span><\/b><span class=\"citation-34 citation-end-34\">, las Blade 2 son compatibles con las \u00faltimas aplicaciones empresariales, incluidas MS Teams, Zoom y Teamviewer.<\/span><\/p>\n<\/li>\n<li>\n<p id=\"p-rc_99c297b4c0978a80-21\" data-path-to-node=\"2,1,0\"><b data-path-to-node=\"2,1,0\" data-index-in-node=\"0\"><span class=\"citation-33\">Procesamiento de alta velocidad:<\/span><\/b><span class=\"citation-33\"> Equipadas con un <\/span><b data-path-to-node=\"2,1,0\" data-index-in-node=\"53\"><span class=\"citation-33\">procesador Qualcomm<\/span><\/b><span class=\"citation-33 citation-end-33\"> de alto rendimiento, lo que garantiza transiciones r\u00e1pidas y un rendimiento fiable en tareas exigentes.<\/span><\/p>\n<\/li>\n<li>\n<p id=\"p-rc_99c297b4c0978a80-22\" data-path-to-node=\"2,2,0\"><b data-path-to-node=\"2,2,0\" data-index-in-node=\"0\"><span class=\"citation-32\">Conectividad superior:<\/span><\/b><span class=\"citation-32\"> Cuentan con <\/span><b data-path-to-node=\"2,2,0\" data-index-in-node=\"51\"><span class=\"citation-32\">Wi-Fi de doble banda de 2,4 GHz y 5 GHz<\/span><\/b><span class=\"citation-32 citation-end-32\"> y Bluetooth para una transmisi\u00f3n de datos estable y de gran ancho de banda en diversos entornos de trabajo.<\/span><\/p>\n<\/li>\n<li>\n<p id=\"p-rc_99c297b4c0978a80-23\" data-path-to-node=\"2,3,0\"><b data-path-to-node=\"2,3,0\" data-index-in-node=\"0\">Seguridad mejorada:<\/b><span class=\"citation-31\"> La gesti\u00f3n de memoria integrada y la compatibilidad con las principales soluciones de <\/span><b data-path-to-node=\"2,3,0\" data-index-in-node=\"77\"><span class=\"citation-31\">gesti\u00f3n de dispositivos m\u00f3viles (MDM)<\/span><\/b><span class=\"citation-31 citation-end-31\"> simplifican el despliegue a gran escala y protegen los datos corporativos sensibles.<\/span><\/p>\n<\/li>\n<\/ul>\n<h3 data-path-to-node=\"3\"><b data-path-to-node=\"3\" data-index-in-node=\"0\">Claridad visual y de audio<\/b><\/h3>\n<ul data-path-to-node=\"4\">\n<li>\n<p id=\"p-rc_99c297b4c0978a80-24\" data-path-to-node=\"4,0,0\"><b data-path-to-node=\"4,0,0\" data-index-in-node=\"0\"><span class=\"citation-30\">\u00d3ptica de gu\u00eda de ondas:<\/span><\/b><span class=\"citation-30\"> Una vibrante <\/span><b data-path-to-node=\"4,0,0\" data-index-in-node=\"29\"><span class=\"citation-30\">pantalla a todo color de 24 bits<\/span><\/b><span class=\"citation-30 citation-end-30\"> (brillo de &gt;2.000 nits) se mantiene n\u00edtida y legible tanto en interiores como bajo la luz solar directa e intensa.<\/span><\/p>\n<\/li>\n<li>\n<p id=\"p-rc_99c297b4c0978a80-25\" data-path-to-node=\"4,1,0\"><b data-path-to-node=\"4,1,0\" data-index-in-node=\"0\"><span class=\"citation-29\">C\u00e1mara avanzada:<\/span><\/b><span class=\"citation-29\"> Una <\/span><b data-path-to-node=\"4,1,0\" data-index-in-node=\"20\"><span class=\"citation-29\">c\u00e1mara de 8 MP con enfoque autom\u00e1tico<\/span><\/b><span class=\"citation-29 citation-end-29\"> permite la transmisi\u00f3n de v\u00eddeo en alta definici\u00f3n (hasta 60 fps) y el escaneo de c\u00f3digos de barras integrado para inventario en tiempo real y soporte remoto.<\/span><\/p>\n<\/li>\n<li>\n<p id=\"p-rc_99c297b4c0978a80-26\" data-path-to-node=\"4,2,0\"><b data-path-to-node=\"4,2,0\" data-index-in-node=\"0\">Audio inmersivo:<\/b><span class=\"citation-28\"> Los <\/span><b data-path-to-node=\"4,2,0\" data-index-in-node=\"28\"><span class=\"citation-28\">altavoces est\u00e9reo integrados en las patillas<\/span><\/b><span class=\"citation-28\"> y los dos <\/span><b data-path-to-node=\"4,2,0\" data-index-in-node=\"60\"><span class=\"citation-28\">micr\u00f3fonos con cancelaci\u00f3n de ruido<\/span><\/b><span class=\"citation-28 citation-end-28\"> garantizan una comunicaci\u00f3n clara incluso en entornos industriales de altos decibelios.<\/span><\/p>\n<\/li>\n<\/ul>\n<h3 data-path-to-node=\"5\"><b data-path-to-node=\"5\" data-index-in-node=\"0\">Especificaciones t\u00e9cnicas<\/b><\/h3>\n<ul data-path-to-node=\"6\">\n<li>\n<p id=\"p-rc_99c297b4c0978a80-27\" data-path-to-node=\"6,0,0\"><b data-path-to-node=\"6,0,0\" data-index-in-node=\"0\"><span class=\"citation-27\">Pantalla:<\/span><\/b><span class=\"citation-27 citation-end-27\"> Resoluci\u00f3n de 480&#215;480 con un campo de visi\u00f3n diagonal de 20\u00b0 (equivalente a un dispositivo m\u00f3vil de 6\u201d a la distancia del brazo).<\/span><\/p>\n<\/li>\n<li>\n<p id=\"p-rc_99c297b4c0978a80-28\" data-path-to-node=\"6,1,0\"><b data-path-to-node=\"6,1,0\" data-index-in-node=\"0\"><span class=\"citation-26\">Seguridad y protecci\u00f3n:<\/span><\/b> <b data-path-to-node=\"6,1,0\" data-index-in-node=\"21\"><span class=\"citation-26\">Certificaci\u00f3n ANSI Z87.1<\/span><\/b><span class=\"citation-26 citation-end-26\"> de resistencia a impactos con lentes que proporcionan protecci\u00f3n UV al 100 %.<\/span><\/p>\n<\/li>\n<li>\n<p id=\"p-rc_99c297b4c0978a80-29\" data-path-to-node=\"6,2,0\"><b data-path-to-node=\"6,2,0\" data-index-in-node=\"0\"><span class=\"citation-25\">Almacenamiento:<\/span><\/b><span class=\"citation-25\"> Robustos <\/span><b data-path-to-node=\"6,2,0\" data-index-in-node=\"16\"><span class=\"citation-25\">40 GB de memoria interna<\/span><\/b><span class=\"citation-25 citation-end-25\"> para almacenar archivos multimedia e instrucciones de trabajo localmente.<\/span><\/p>\n<\/li>\n<li>\n<p id=\"p-rc_99c297b4c0978a80-30\" data-path-to-node=\"6,3,0\"><b data-path-to-node=\"6,3,0\" data-index-in-node=\"0\"><span class=\"citation-24\">Controles interactivos:<\/span><\/b> <b data-path-to-node=\"6,3,0\" data-index-in-node=\"35\"><span class=\"citation-24\">Comandos activados por voz<\/span><\/b><span class=\"citation-24 citation-end-24\"> multiling\u00fces, un panel t\u00e1ctil de 2 ejes compatible con varios dedos y seguimiento de cabeza de 3 grados de libertad.<\/span><\/p>\n<\/li>\n<\/ul>\n<h3 data-path-to-node=\"7\"><b data-path-to-node=\"7\" data-index-in-node=\"0\">Contenido de la Caja<\/b><\/h3>\n<ul data-path-to-node=\"8\">\n<li>\n<p data-path-to-node=\"8,0,0\"><b data-path-to-node=\"8,0,0\" data-index-in-node=\"0\">Gafas inteligentes Vuzix Blade 2<\/b><\/p>\n<\/li>\n<li>\n<p data-path-to-node=\"8,1,0\"><b data-path-to-node=\"8,1,0\" data-index-in-node=\"0\">Estuche r\u00edgido de protecci\u00f3n<\/b> y funda de limpieza de microfibra<\/p>\n<\/li>\n<li>\n<p data-path-to-node=\"8,2,0\"><b data-path-to-node=\"8,2,0\" data-index-in-node=\"0\">Cable Micro USB<\/b> y adaptador para auriculares con cable<\/p>\n<\/li>\n<li>\n<p id=\"p-rc_99c297b4c0978a80-31\" data-path-to-node=\"8,3,0\"><b data-path-to-node=\"8,3,0\" data-index-in-node=\"0\"><span class=\"citation-23\">Gu\u00eda de inicio r\u00e1pido<\/span><\/b><span class=\"citation-23 citation-end-23\"> (Insertos graduados opcionales disponibles por separado)<\/span><\/p>\n<div class=\"source-inline-chip-container ng-star-inserted\"><\/div>\n<\/li>\n<\/ul>\n<h3 data-path-to-node=\"10\"><b data-path-to-node=\"10\" data-index-in-node=\"0\">Preguntas Frecuentes<\/b><\/h3>\n<p id=\"p-rc_99c297b4c0978a80-32\" data-path-to-node=\"11\"><b data-path-to-node=\"11\" data-index-in-node=\"0\"><span class=\"citation-22\">\u00bfSon las Blade 2 compatibles con lentes graduadas?<\/span><\/b><span class=\"citation-22 citation-end-22\"> S\u00ed, el dispositivo admite insertos graduados personalizados, lo que permite a los usuarios con necesidades de correcci\u00f3n visual mantener la seguridad y la claridad sin usar gafas adicionales.<\/span><\/p>\n<p id=\"p-rc_99c297b4c0978a80-33\" data-path-to-node=\"12\"><b data-path-to-node=\"12\" data-index-in-node=\"0\"><span class=\"citation-21\">\u00bfC\u00f3mo gestiono una flota de estos dispositivos?<\/span><\/b><span class=\"citation-21 citation-end-21\"> Las Blade 2 est\u00e1n dise\u00f1adas para facilitar la gesti\u00f3n de TI, integr\u00e1ndose directamente con el software MDM habitual para permitir actualizaciones remotas, parches de seguridad y gesti\u00f3n de aplicaciones.<\/span><\/p>\n<p id=\"p-rc_99c297b4c0978a80-34\" data-path-to-node=\"13\"><b data-path-to-node=\"13\" data-index-in-node=\"0\">\u00bfSe pueden utilizar en entornos ruidosos?<\/b> Absolutamente. <span class=\"citation-20 citation-end-20\">Los dos micr\u00f3fonos con cancelaci\u00f3n de ruido est\u00e1n espec\u00edficamente ajustados para filtrar el ruido de fondo industrial, garantizando que sus comandos de voz y llamadas remotas se mantengan n\u00edtidos.<\/span><\/p>\n<p id=\"p-rc_99c297b4c0978a80-35\" data-path-to-node=\"14\"><b data-path-to-node=\"14\" data-index-in-node=\"0\">\u00bfSon seguras para la construcci\u00f3n o la fabricaci\u00f3n?<\/b><span class=\"citation-19 citation-end-19\"> S\u00ed, las gafas cuentan con la certificaci\u00f3n ANSI Z87.1, lo que significa que cumplen con los rigurosos est\u00e1ndares de protecci\u00f3n ocular y facial ocupacional requeridos en la mayor\u00eda de los sectores industriales.<\/span><\/p>\n<p>&nbsp;<\/p>\n<\/div>\n","protected":false},"excerpt":{"rendered":"<ul class=\"ul1\">\n<li class=\"li1\">C\u00e1mara HD con enfoque autom\u00e1tico<\/li>\n<li class=\"li1\">Altavoces est\u00e9reo integrados en las patillas con micros con cancelaci\u00f3n de ruido<\/li>\n<li class=\"li1\">Pantalla a todo color (solo ojo derecho)<\/li>\n<li class=\"li1\">Lentes con protecci\u00f3n UV total y certificaci\u00f3n de seguridad ANSI Z87.1<\/li>\n<li class=\"li1\">Wi-Fi y Bluetooth inal\u00e1mbricos<\/li>\n<\/ul>\n<h4><span style=\"color: red;\">En stock \u00a0\u00b7 Entrega en 5 d\u00edas<\/span><\/h4>\n","protected":false},"featured_media":149,"comment_status":"closed","ping_status":"closed","template":"","meta":{"_acf_changed":false},"product_brand":[],"product_cat":[47,51],"product_tag":[49],"class_list":{"0":"post-150","1":"product","2":"type-product","3":"status-publish","4":"has-post-thumbnail","6":"product_cat-gafas-inteligentes","7":"product_cat-vuzix","8":"product_tag-gafas-inteligentes","10":"first","11":"instock","12":"taxable","13":"shipping-taxable","14":"purchasable","15":"product-type-simple"},"acf":[],"_links":{"self":[{"href":"https:\/\/shop.wideum.com\/es\/wp-json\/wp\/v2\/product\/150","targetHints":{"allow":["GET"]}}],"collection":[{"href":"https:\/\/shop.wideum.com\/es\/wp-json\/wp\/v2\/product"}],"about":[{"href":"https:\/\/shop.wideum.com\/es\/wp-json\/wp\/v2\/types\/product"}],"replies":[{"embeddable":true,"href":"https:\/\/shop.wideum.com\/es\/wp-json\/wp\/v2\/comments?post=150"}],"wp:featuredmedia":[{"embeddable":true,"href":"https:\/\/shop.wideum.com\/es\/wp-json\/wp\/v2\/media\/149"}],"wp:attachment":[{"href":"https:\/\/shop.wideum.com\/es\/wp-json\/wp\/v2\/media?parent=150"}],"wp:term":[{"taxonomy":"product_brand","embeddable":true,"href":"https:\/\/shop.wideum.com\/es\/wp-json\/wp\/v2\/product_brand?post=150"},{"taxonomy":"product_cat","embeddable":true,"href":"https:\/\/shop.wideum.com\/es\/wp-json\/wp\/v2\/product_cat?post=150"},{"taxonomy":"product_tag","embeddable":true,"href":"https:\/\/shop.wideum.com\/es\/wp-json\/wp\/v2\/product_tag?post=150"}],"curies":[{"name":"wp","href":"https:\/\/api.w.org\/{rel}","templated":true}]}}