{"id":148,"date":"2026-03-11T11:36:41","date_gmt":"2026-03-11T11:36:41","guid":{"rendered":"https:\/\/shop.wideum.com\/product\/moziware-cimo\/"},"modified":"2026-04-02T10:56:58","modified_gmt":"2026-04-02T10:56:58","slug":"moziware-cimo","status":"publish","type":"product","link":"https:\/\/shop.wideum.com\/es\/producto\/moziware-cimo\/","title":{"rendered":"Moziware Cimo"},"content":{"rendered":"<div id=\"model-response-message-contentr_c8e5476da7525a94\" class=\"markdown markdown-main-panel stronger enable-updated-hr-color\" dir=\"ltr\" aria-live=\"polite\" aria-busy=\"false\">\n<p id=\"p-rc_df4220c194d83af8-53\" data-path-to-node=\"0\"><span class=\"citation-94 citation-end-94\">Dise\u00f1ado para una precisi\u00f3n extrema y seguridad en primera l\u00ednea, el m\u014dz\u0131ware c\u0131m\u014d incorpora un puntero l\u00e1ser integrado de Clase 2 que redefine la colaboraci\u00f3n remota.<\/span> <span class=\"citation-93 citation-end-93\">Al combinar una herramienta de punter\u00eda de alta intensidad con un ordenador vestible de bolsillo activado por voz, el c\u0131m\u014d permite a los profesionales industriales identificar con precisi\u00f3n las ubicaciones de fallos y guiar a expertos remotos con precisi\u00f3n quir\u00fargica.<\/span> <span class=\"citation-92 citation-end-92\">Con una c\u00e1mara de 16 MP con funci\u00f3n \u00abvea lo que yo veo\u00bb y un chasis robusto con clasificaci\u00f3n IP66, el c\u0131m\u014d garantiza que, ya sea en una f\u00e1brica ruidosa o en un campo soleado, su equipo pueda identificar, encuadrar y resolver problemas sin usar las manos.<\/span><\/p>\n<h3 data-path-to-node=\"1\"><b data-path-to-node=\"1\" data-index-in-node=\"0\">Gu\u00eda de Precisi\u00f3n y Exactitud Visual<\/b><\/h3>\n<ul data-path-to-node=\"2\">\n<li>\n<p id=\"p-rc_df4220c194d83af8-54\" data-path-to-node=\"2,0,0\"><b data-path-to-node=\"2,0,0\" data-index-in-node=\"0\"><span class=\"citation-91\">Integraci\u00f3n Pionera:<\/span><\/b><span class=\"citation-91\"> El c\u0131m\u014d es el primer ordenador vestible que incorpora un <\/span><b data-path-to-node=\"2,0,0\" data-index-in-node=\"87\"><span class=\"citation-91\">puntero l\u00e1ser de Clase 2<\/span><\/b><span class=\"citation-91 citation-end-91\">, permitiendo a los usuarios resaltar instant\u00e1neamente componentes f\u00edsicos para colaboradores remotos.<\/span><\/p>\n<\/li>\n<li>\n<p id=\"p-rc_df4220c194d83af8-55\" data-path-to-node=\"2,1,0\"><b data-path-to-node=\"2,1,0\" data-index-in-node=\"0\">Im\u00e1genes Guiadas por L\u00e1ser:<\/b><span class=\"citation-90\"> Mejore su captura de datos utilizando el l\u00e1ser para encuadrar perfectamente <\/span><b data-path-to-node=\"2,1,0\" data-index-in-node=\"86\"><span class=\"citation-90\">escaneos de c\u00f3digos de barras<\/span><\/b><span class=\"citation-90 citation-end-90\"> y fotos de alta resoluci\u00f3n, eliminando la necesidad de repeticiones.<\/span><\/p>\n<\/li>\n<li>\n<p id=\"p-rc_df4220c194d83af8-56\" data-path-to-node=\"2,2,0\"><b data-path-to-node=\"2,2,0\" data-index-in-node=\"0\"><span class=\"citation-89\">Dise\u00f1o Priorizando la Seguridad:<\/span><\/b><span class=\"citation-89 citation-end-89\"> El l\u00e1ser de Clase 2 est\u00e1 dise\u00f1ado para ser visible incluso en condiciones de luz exterior brillante, manteniendo la seguridad ocular en entornos de trabajo de alto tr\u00e1fico y ritmo r\u00e1pido.<\/span><\/p>\n<\/li>\n<li>\n<p id=\"p-rc_df4220c194d83af8-57\" data-path-to-node=\"2,3,0\"><b data-path-to-node=\"2,3,0\" data-index-in-node=\"0\"><span class=\"citation-88\">Retroalimentaci\u00f3n Aumentada:<\/span><\/b><span class=\"citation-88 citation-end-88\"> Al apuntar el l\u00e1ser a partes mec\u00e1nicas espec\u00edficas, los trabajadores de primera l\u00ednea eliminan las conjeturas, permitiendo a los expertos proporcionar instrucciones instant\u00e1neas y accionables.<\/span><\/p>\n<\/li>\n<\/ul>\n<h3 data-path-to-node=\"3\"><b data-path-to-node=\"3\" data-index-in-node=\"0\">Utilidad de Grado Industrial<\/b><\/h3>\n<ul data-path-to-node=\"4\">\n<li>\n<p id=\"p-rc_df4220c194d83af8-58\" data-path-to-node=\"4,0,0\"><b data-path-to-node=\"4,0,0\" data-index-in-node=\"0\"><span class=\"citation-87\">Interacci\u00f3n Activada por Voz:<\/span><\/b><span class=\"citation-87\"> El funcionamiento completamente <\/span><b data-path-to-node=\"4,0,0\" data-index-in-node=\"35\"><span class=\"citation-87\">manos libres<\/span><\/b><span class=\"citation-87 citation-end-87\"> mediante comandos de voz intuitivos asegura que los trabajadores puedan mantener sus manos en sus herramientas mientras el l\u00e1ser resalta la tarea en cuesti\u00f3n.<\/span><\/p>\n<\/li>\n<li>\n<p id=\"p-rc_df4220c194d83af8-59\" data-path-to-node=\"4,1,0\"><b data-path-to-node=\"4,1,0\" data-index-in-node=\"0\"><span class=\"citation-86\">Construcci\u00f3n Ultra-Resistente:<\/span><\/b><span class=\"citation-86\"> Con una <\/span><b data-path-to-node=\"4,1,0\" data-index-in-node=\"28\"><span class=\"citation-86\">clasificaci\u00f3n IP66<\/span><\/b><span class=\"citation-86 citation-end-86\"> para resistencia al polvo y al agua, y una certificaci\u00f3n de prueba de ca\u00edda de 1,5 metros, el l\u00e1ser y la \u00f3ptica est\u00e1n protegidos contra el uso industrial m\u00e1s exigente.<\/span><\/p>\n<\/li>\n<li>\n<p id=\"p-rc_df4220c194d83af8-60\" data-path-to-node=\"4,2,0\"><b data-path-to-node=\"4,2,0\" data-index-in-node=\"0\"><span class=\"citation-85\">Sistema Avanzado de Doble C\u00e1mara:<\/span><\/b><span class=\"citation-85\"> Una <\/span><b data-path-to-node=\"4,2,0\" data-index-in-node=\"31\"><span class=\"citation-85\">c\u00e1mara principal de 16 MP<\/span><\/b><span class=\"citation-85 citation-end-85\"> con estabilizaci\u00f3n \u00f3ptica de 4 ejes funciona en conjunto con una c\u00e1mara secundaria de 8 MP para proporcionar un gemelo digital n\u00edtido del espacio de trabajo.<\/span><\/p>\n<\/li>\n<li>\n<p id=\"p-rc_df4220c194d83af8-61\" data-path-to-node=\"4,3,0\"><b data-path-to-node=\"4,3,0\" data-index-in-node=\"0\"><span class=\"citation-84\">Portabilidad de Bolsillo:<\/span><\/b><span class=\"citation-84\"> Con un peso de solo <\/span><b data-path-to-node=\"4,3,0\" data-index-in-node=\"40\"><span class=\"citation-84\">155 gramos<\/span><\/b><span class=\"citation-84 citation-end-84\">, el c\u0131m\u014d es el dispositivo vestible m\u00e1s ligero de su tipo, dise\u00f1ado para plegarse y guardarse en un bolsillo una vez completada la misi\u00f3n.<\/span><\/p>\n<\/li>\n<\/ul>\n<h3 data-path-to-node=\"5\"><b data-path-to-node=\"5\" data-index-in-node=\"0\">Especificaciones t\u00e9cnicas<\/b><\/h3>\n<ul data-path-to-node=\"6\">\n<li>\n<p id=\"p-rc_df4220c194d83af8-62\" data-path-to-node=\"6,0,0\"><b data-path-to-node=\"6,0,0\" data-index-in-node=\"0\">Clasificaci\u00f3n del L\u00e1ser:<\/b><span class=\"citation-83 citation-end-83\"> Puntero l\u00e1ser de Clase 2 (integrado sobre el m\u00f3dulo de la c\u00e1mara).<\/span><\/p>\n<\/li>\n<li>\n<p id=\"p-rc_df4220c194d83af8-63\" data-path-to-node=\"6,1,0\"><b data-path-to-node=\"6,1,0\" data-index-in-node=\"0\">Potencia de Procesamiento:<\/b><span class=\"citation-82\"> Qualcomm\u00ae Snapdragon\u2122 662 con <\/span><b data-path-to-node=\"6,1,0\" data-index-in-node=\"49\"><span class=\"citation-82\">3 GB de RAM<\/span><\/b><span class=\"citation-82 citation-end-82\"> y 32 GB de almacenamiento interno.<\/span><\/p>\n<\/li>\n<li>\n<p id=\"p-rc_df4220c194d83af8-64\" data-path-to-node=\"6,2,0\"><b data-path-to-node=\"6,2,0\" data-index-in-node=\"0\"><span class=\"citation-81\">Conectividad:<\/span><\/b><span class=\"citation-81 citation-end-81\"> Wi-Fi de doble banda (2,4\/5 GHz) y Bluetooth 5.0 para una transmisi\u00f3n en tiempo real sin interrupciones.<\/span><\/p>\n<\/li>\n<li>\n<p id=\"p-rc_df4220c194d83af8-65\" data-path-to-node=\"6,3,0\"><b data-path-to-node=\"6,3,0\" data-index-in-node=\"0\">Tolerancia Ambiental:<\/b><span class=\"citation-80\"> Rango operativo de <\/span><b data-path-to-node=\"6,3,0\" data-index-in-node=\"48\"><span class=\"citation-80\">-20 \u00b0C a +50 \u00b0C<\/span><\/b><span class=\"citation-80 citation-end-80\">, dise\u00f1ado para variaciones clim\u00e1ticas extremas.<\/span><\/p>\n<\/li>\n<\/ul>\n<h3 data-path-to-node=\"7\"><b data-path-to-node=\"7\" data-index-in-node=\"0\">Contenido de la Caja<\/b><\/h3>\n<ul data-path-to-node=\"8\">\n<li>\n<p data-path-to-node=\"8,0,0\"><b data-path-to-node=\"8,0,0\" data-index-in-node=\"0\">Auriculares m\u014dz\u0131ware c\u0131m\u014d<\/b> (L\u00e1ser y C\u00e1maras Duales Integrados)<\/p>\n<\/li>\n<li>\n<p data-path-to-node=\"8,1,0\"><b data-path-to-node=\"8,1,0\" data-index-in-node=\"0\">Cable de Carga USB-C 3.0<\/b><\/p>\n<\/li>\n<li>\n<p data-path-to-node=\"8,2,0\"><b data-path-to-node=\"8,2,0\" data-index-in-node=\"0\">Gu\u00eda de Inicio R\u00e1pido<\/b><\/p>\n<\/li>\n<li>\n<p id=\"p-rc_df4220c194d83af8-66\" data-path-to-node=\"8,3,0\"><b data-path-to-node=\"8,3,0\" data-index-in-node=\"0\"><span class=\"citation-79\">Banda de Trabajo Ajustable<\/span><\/b><span class=\"citation-79 citation-end-79\"> (Soportes para casco y bater\u00edas extendidas opcionales)<\/span><\/p>\n<\/li>\n<\/ul>\n<h3 data-path-to-node=\"10\"><b data-path-to-node=\"10\" data-index-in-node=\"0\">Preguntas Frecuentes sobre Moziware Cimo<\/b><\/h3>\n<p id=\"p-rc_df4220c194d83af8-67\" data-path-to-node=\"11\"><b data-path-to-node=\"11\" data-index-in-node=\"0\">\u00bfC\u00f3mo ayuda el puntero l\u00e1ser con el soporte remoto?<\/b><br \/>\nPermite al usuario se\u00f1alar f\u00edsicamente un componente en el mundo real. <span class=\"citation-78 citation-end-78\">El experto remoto ve exactamente d\u00f3nde incide el l\u00e1ser a trav\u00e9s de la transmisi\u00f3n de la c\u00e1mara, facilitando la identificaci\u00f3n del tornillo, cable o v\u00e1lvula exactos que requieren atenci\u00f3n.<\/span><\/p>\n<p id=\"p-rc_df4220c194d83af8-68\" data-path-to-node=\"12\"><b data-path-to-node=\"12\" data-index-in-node=\"0\">\u00bfEs seguro usar el l\u00e1ser cerca de otras personas?<\/b><br \/>\nS\u00ed. <span class=\"citation-77 citation-end-77\">La clasificaci\u00f3n de Clase 2 significa que el l\u00e1ser tiene una potencia lo suficientemente baja como para prevenir da\u00f1os oculares gracias a los reflejos naturales de parpadeo, lo que lo hace seguro para su uso en almacenes concurridos o plantas de fabricaci\u00f3n.<\/span><\/p>\n<p id=\"p-rc_df4220c194d83af8-69\" data-path-to-node=\"13\"><b data-path-to-node=\"13\" data-index-in-node=\"0\">\u00bfSe puede usar el l\u00e1ser para escanear c\u00f3digos de barras?<\/b><br \/>\nAbsolutamente. <span class=\"citation-76 citation-end-76\">El l\u00e1ser act\u00faa como una gu\u00eda de punter\u00eda, permitiendo al usuario alinear la c\u00e1mara de 16 MP con un c\u00f3digo de barras al instante, lo que acelera significativamente los flujos de trabajo de inventario y log\u00edstica.<\/span><\/p>\n<p data-path-to-node=\"14\"><b data-path-to-node=\"14\" data-index-in-node=\"0\">\u00bfEl uso del l\u00e1ser agota la bater\u00eda r\u00e1pidamente?<\/b><br \/>\nEl l\u00e1ser est\u00e1 optimizado para la eficiencia y est\u00e1 dise\u00f1ado para activarse mediante comandos de voz, asegurando que solo consume energ\u00eda cuando se necesita activamente para tareas de punter\u00eda o escaneo.<\/p>\n<\/div>\n","protected":false},"excerpt":{"rendered":"<h3 data-path-to-node=\"0\">Precisi\u00f3n Industrial y Movilidad en Primera L\u00ednea<\/h3>\n<ul data-path-to-node=\"1\">\n<li>\n<p data-path-to-node=\"1,0,0\">Adquisici\u00f3n flexible o licencia empresarial recurrente<\/p>\n<\/li>\n<li>\n<p data-path-to-node=\"1,1,0\">Dise\u00f1o ergon\u00f3mico ultraligero de 155 g<\/p>\n<\/li>\n<li>\n<p data-path-to-node=\"1,2,0\">Micro-pantalla de alta definici\u00f3n, no obstructiva<\/p>\n<\/li>\n<li>\n<p data-path-to-node=\"1,3,0\">Interfaz de comando vocal robusta al ruido<\/p>\n<\/li>\n<li>\n<p data-path-to-node=\"1,4,0\">Listo para TI con integraci\u00f3n MDM perfecta<\/p>\n<\/li>\n<li>\n<p data-path-to-node=\"1,5,0\">Perspectiva de visualizaci\u00f3n ajustable de gran angular<\/p>\n<\/li>\n<\/ul>\n<h4><span style=\"color: red;\">En stock \u00a0\u00b7 Entrega en 5 d\u00edas<\/span><\/h4>\n","protected":false},"featured_media":147,"comment_status":"closed","ping_status":"closed","template":"","meta":{"_acf_changed":false},"product_brand":[],"product_cat":[47,50],"product_tag":[49],"class_list":{"0":"post-148","1":"product","2":"type-product","3":"status-publish","4":"has-post-thumbnail","6":"product_cat-gafas-inteligentes","7":"product_cat-moziware","8":"product_tag-gafas-inteligentes","10":"first","11":"instock","12":"taxable","13":"shipping-taxable","14":"purchasable","15":"product-type-simple"},"acf":[],"_links":{"self":[{"href":"https:\/\/shop.wideum.com\/es\/wp-json\/wp\/v2\/product\/148","targetHints":{"allow":["GET"]}}],"collection":[{"href":"https:\/\/shop.wideum.com\/es\/wp-json\/wp\/v2\/product"}],"about":[{"href":"https:\/\/shop.wideum.com\/es\/wp-json\/wp\/v2\/types\/product"}],"replies":[{"embeddable":true,"href":"https:\/\/shop.wideum.com\/es\/wp-json\/wp\/v2\/comments?post=148"}],"wp:featuredmedia":[{"embeddable":true,"href":"https:\/\/shop.wideum.com\/es\/wp-json\/wp\/v2\/media\/147"}],"wp:attachment":[{"href":"https:\/\/shop.wideum.com\/es\/wp-json\/wp\/v2\/media?parent=148"}],"wp:term":[{"taxonomy":"product_brand","embeddable":true,"href":"https:\/\/shop.wideum.com\/es\/wp-json\/wp\/v2\/product_brand?post=148"},{"taxonomy":"product_cat","embeddable":true,"href":"https:\/\/shop.wideum.com\/es\/wp-json\/wp\/v2\/product_cat?post=148"},{"taxonomy":"product_tag","embeddable":true,"href":"https:\/\/shop.wideum.com\/es\/wp-json\/wp\/v2\/product_tag?post=148"}],"curies":[{"name":"wp","href":"https:\/\/api.w.org\/{rel}","templated":true}]}}