{"id":146,"date":"2026-03-11T11:50:21","date_gmt":"2026-03-11T11:50:21","guid":{"rendered":"https:\/\/shop.wideum.com\/product\/epson-bt-45cs\/"},"modified":"2026-04-02T10:56:47","modified_gmt":"2026-04-02T10:56:47","slug":"epson-bt-45cs","status":"publish","type":"product","link":"https:\/\/shop.wideum.com\/es\/producto\/epson-bt-45cs\/","title":{"rendered":"Epson BT-45CS"},"content":{"rendered":"<div id=\"model-response-message-contentr_9fd41b1029a070ab\" class=\"markdown markdown-main-panel stronger enable-updated-hr-color\" dir=\"ltr\" aria-live=\"polite\" aria-busy=\"false\">\n<p id=\"p-rc_e5689581d84e8901-87\" data-path-to-node=\"0\"><span class=\"citation-143 citation-end-143\">Creadas para aplicaciones industriales de misi\u00f3n cr\u00edtica, las Epson Moverio BT-45CS combinan tecnolog\u00eda de proyecci\u00f3n Si-OLED de clase mundial con un dise\u00f1o robusto y certificado para seguridad.<\/span> <span class=\"citation-142 citation-end-142\">Mediante un visor binocular transparente y un controlador Android inteligente, las BT-45CS permiten a los t\u00e9cnicos superponer esquemas complejos e instrucciones en tiempo real sobre su espacio de trabajo f\u00edsico.<\/span> <span class=\"citation-141 citation-end-141\">Dise\u00f1adas para m\u00e1xima durabilidad y comodidad durante toda la jornada, estas gafas son el est\u00e1ndar profesional para asistencia remota, digitalizaci\u00f3n de flujos de trabajo y mantenimiento de alta precisi\u00f3n en campo.<\/span><\/p>\n<h3 data-path-to-node=\"1\"><b data-path-to-node=\"1\" data-index-in-node=\"0\">Precisi\u00f3n y Control de Grado Industrial<\/b><\/h3>\n<ul data-path-to-node=\"2\">\n<li>\n<p id=\"p-rc_e5689581d84e8901-88\" data-path-to-node=\"2,0,0\"><b data-path-to-node=\"2,0,0\" data-index-in-node=\"0\"><span class=\"citation-140\">Controlador Inteligente:<\/span><\/b><span class=\"citation-140\"> Equipado con un <\/span><b data-path-to-node=\"2,0,0\" data-index-in-node=\"37\"><span class=\"citation-140\">procesador Snapdragon XR1 Octa-Core<\/span><\/b><span class=\"citation-140 citation-end-140\">, el controlador dedicado BO-IC400 proporciona una interfaz Android fluida con pantalla t\u00e1ctil de 2,95&#8243; para navegaci\u00f3n y gesti\u00f3n de aplicaciones sin esfuerzo.<\/span><\/p>\n<\/li>\n<li>\n<p id=\"p-rc_e5689581d84e8901-89\" data-path-to-node=\"2,1,0\"><b data-path-to-node=\"2,1,0\" data-index-in-node=\"0\">Reforzadas para el Campo:<\/b><span class=\"citation-139\"> Construidas para resistir entornos exigentes, el visor cumple con <\/span><b data-path-to-node=\"2,1,0\" data-index-in-node=\"82\"><span class=\"citation-139\">la prueba de ca\u00edda MIL-STD-810H<\/span><\/b><span class=\"citation-139\"> y cuenta con <\/span><b data-path-to-node=\"2,1,0\" data-index-in-node=\"131\"><span class=\"citation-139\">certificaci\u00f3n IP52<\/span><\/b><span class=\"citation-139 citation-end-139\"> para resistencia contra polvo y lluvia ligera.<\/span><\/p>\n<\/li>\n<li>\n<p id=\"p-rc_e5689581d84e8901-90\" data-path-to-node=\"2,2,0\"><b data-path-to-node=\"2,2,0\" data-index-in-node=\"0\">Montaje Vers\u00e1til:<\/b><span class=\"citation-138\"> Incluye una banda ajustable acolchada y un <\/span><b data-path-to-node=\"2,2,0\" data-index-in-node=\"76\"><span class=\"citation-138\">sistema de clips para casco<\/span><\/b><span class=\"citation-138 citation-end-138\"> dedicado, garantizando un ajuste seguro independientemente del equipo de protecci\u00f3n requerido en el sitio.<\/span><\/p>\n<\/li>\n<li>\n<p id=\"p-rc_e5689581d84e8901-91\" data-path-to-node=\"2,3,0\"><b data-path-to-node=\"2,3,0\" data-index-in-node=\"0\">Funcionalidad Abatible:<\/b><span class=\"citation-137 citation-end-137\"> El dise\u00f1o ergon\u00f3mico abatible permite a los usuarios cambiar instant\u00e1neamente entre la interfaz AR y una vista natural totalmente despejada sin retirar el visor.<\/span><\/p>\n<\/li>\n<\/ul>\n<h3 data-path-to-node=\"3\"><b data-path-to-node=\"3\" data-index-in-node=\"0\">Claridad Visual y de Audio Inigualable<\/b><\/h3>\n<ul data-path-to-node=\"4\">\n<li>\n<p id=\"p-rc_e5689581d84e8901-92\" data-path-to-node=\"4,0,0\"><b data-path-to-node=\"4,0,0\" data-index-in-node=\"0\"><span class=\"citation-136\">\u00d3ptica de Gu\u00eda de Ondas Si-OLED:<\/span><\/b><span class=\"citation-136\"> Experimente una impresionante resoluci\u00f3n <\/span><b data-path-to-node=\"4,0,0\" data-index-in-node=\"46\"><span class=\"citation-136\">Full HD (1080p)<\/span><\/b><span class=\"citation-136 citation-end-136\"> con relaci\u00f3n de contraste de 500.000:1, creando un v\u00edvido campo de visi\u00f3n de 34\u00b0 que hace que el contenido digital aparezca como una pantalla de 120&#8243; desde 5 metros de distancia.<\/span><\/p>\n<\/li>\n<li>\n<p id=\"p-rc_e5689581d84e8901-93\" data-path-to-node=\"4,1,0\"><b data-path-to-node=\"4,1,0\" data-index-in-node=\"0\"><span class=\"citation-135\">C\u00e1mara C\u00e9ntrica \u00abVeo lo que Ves\u00bb:<\/span><\/b><span class=\"citation-135\"> Una <\/span><b data-path-to-node=\"4,1,0\" data-index-in-node=\"36\"><span class=\"citation-135\">c\u00e1mara de 8 MP con enfoque autom\u00e1tico<\/span><\/b><span class=\"citation-135 citation-end-135\"> est\u00e1 posicionada en el centro del visor para capturar la perspectiva exacta del usuario, facilitando una colaboraci\u00f3n remota impecable.<\/span><\/p>\n<\/li>\n<li>\n<p id=\"p-rc_e5689581d84e8901-94\" data-path-to-node=\"4,2,0\"><b data-path-to-node=\"4,2,0\" data-index-in-node=\"0\"><span class=\"citation-134\">Comunicaci\u00f3n con Cancelaci\u00f3n de Ruido:<\/span><\/b><span class=\"citation-134\"> Altavoces est\u00e9reo integrados y un sistema dual de <\/span><b data-path-to-node=\"4,2,0\" data-index-in-node=\"69\"><span class=\"citation-134\">micr\u00f3fono con cancelaci\u00f3n de ruido<\/span><\/b><span class=\"citation-134 citation-end-134\"> garantizan que las instrucciones de voz se escuchen claramente, incluso en entornos fabriles de alto nivel de decibelios.<\/span><\/p>\n<\/li>\n<\/ul>\n<h3 data-path-to-node=\"5\"><b data-path-to-node=\"5\" data-index-in-node=\"0\">Especificaciones t\u00e9cnicas<\/b><\/h3>\n<ul data-path-to-node=\"6\">\n<li>\n<p data-path-to-node=\"6,0,0\"><b data-path-to-node=\"6,0,0\" data-index-in-node=\"0\">Pantalla:<\/b> Resoluci\u00f3n de 1920 \u00d7 1080 por ojo, reproducci\u00f3n de color de 24 bits (16,7 millones de colores).<\/p>\n<\/li>\n<li>\n<p id=\"p-rc_e5689581d84e8901-95\" data-path-to-node=\"6,1,0\"><b data-path-to-node=\"6,1,0\" data-index-in-node=\"0\"><span class=\"citation-133\">Certificaci\u00f3n de Seguridad:<\/span><\/b><span class=\"citation-133 citation-end-133\"> Pantallas conformes a ANSI Z87.1 incluidas para protecci\u00f3n contra impactos de alta velocidad.<\/span><\/p>\n<\/li>\n<li>\n<p id=\"p-rc_e5689581d84e8901-96\" data-path-to-node=\"6,2,0\"><b data-path-to-node=\"6,2,0\" data-index-in-node=\"0\"><span class=\"citation-132\">Memoria y Almacenamiento:<\/span><\/b><span class=\"citation-132\"> 4 GB de RAM y 64 GB de almacenamiento interno, ampliable mediante <\/span><b data-path-to-node=\"6,2,0\" data-index-in-node=\"68\"><span class=\"citation-132\">microSD hasta 2 TB<\/span><\/b><span class=\"citation-132 citation-end-132\">.<\/span><\/p>\n<\/li>\n<li>\n<p data-path-to-node=\"6,3,0\"><b data-path-to-node=\"6,3,0\" data-index-in-node=\"0\">Conectividad:<\/b> Wi-Fi de doble banda, Bluetooth 5.0 y un puerto USB-C secundario para alimentaci\u00f3n externa o hardware perif\u00e9rico.<\/p>\n<\/li>\n<\/ul>\n<h3 data-path-to-node=\"7\"><b data-path-to-node=\"7\" data-index-in-node=\"0\">Contenido de la Caja<\/b><\/h3>\n<ul data-path-to-node=\"8\">\n<li>\n<p data-path-to-node=\"8,0,0\"><b data-path-to-node=\"8,0,0\" data-index-in-node=\"0\">Visor Moverio BT-45C<\/b><\/p>\n<\/li>\n<li>\n<p data-path-to-node=\"8,1,0\"><b data-path-to-node=\"8,1,0\" data-index-in-node=\"0\">Controlador Inteligente (BO-IC400)<\/b><\/p>\n<\/li>\n<li>\n<p data-path-to-node=\"8,2,0\"><b data-path-to-node=\"8,2,0\" data-index-in-node=\"0\">Juego de Pantallas ANSI Z87.1<\/b> (Oscuras y Transparentes)<\/p>\n<\/li>\n<li>\n<p id=\"p-rc_e5689581d84e8901-97\" data-path-to-node=\"8,3,0\"><b data-path-to-node=\"8,3,0\" data-index-in-node=\"0\"><span class=\"citation-131\">Clips de Montaje para Casco<\/span><\/b><span class=\"citation-131 citation-end-131\"> y Banda para Cabeza<\/span><\/p>\n<\/li>\n<li>\n<p data-path-to-node=\"8,4,0\"><b data-path-to-node=\"8,4,0\" data-index-in-node=\"0\">Estuche de Transporte Robusto<\/b><\/p>\n<\/li>\n<li>\n<p data-path-to-node=\"8,5,0\"><b data-path-to-node=\"8,5,0\" data-index-in-node=\"0\">Cable USB-C<\/b> y Manual de Usuario<\/p>\n<\/li>\n<\/ul>\n<h3 data-path-to-node=\"10\"><b data-path-to-node=\"10\" data-index-in-node=\"0\">Preguntas Frecuentes<\/b><\/h3>\n<p id=\"p-rc_e5689581d84e8901-98\" data-path-to-node=\"11\"><b data-path-to-node=\"11\" data-index-in-node=\"0\"><span class=\"citation-130\">\u00bfSe pueden usar estas gafas con gafas graduadas?<\/span><\/b><span class=\"citation-130 citation-end-130\"> S\u00ed, las BT-45CS cuentan con un dise\u00f1o \u00abSobre las Gafas\u00bb (OTG) con una montura amplia que acomoda c\u00f3modamente la mayor\u00eda de gafas graduadas est\u00e1ndar.<\/span><\/p>\n<p data-path-to-node=\"12\"><b data-path-to-node=\"12\" data-index-in-node=\"0\">\u00bfEs el controlador compatible con aplicaciones Android est\u00e1ndar?<\/b> El controlador inteligente ejecuta una versi\u00f3n optimizada de Android, permitiendo la instalaci\u00f3n lateral de aplicaciones AR profesionales y software empresarial personalizado mediante APK.<\/p>\n<p data-path-to-node=\"13\"><b data-path-to-node=\"13\" data-index-in-node=\"0\">\u00bfCu\u00e1nto dura la bater\u00eda durante un turno est\u00e1ndar?<\/b> La bater\u00eda de 3.400 mAh est\u00e1 dise\u00f1ada para uso profesional, y el puerto USB-C secundario permite la conexi\u00f3n de bater\u00edas externas para operaciones continuas de m\u00faltiples turnos.<\/p>\n<p id=\"p-rc_e5689581d84e8901-99\" data-path-to-node=\"14\"><b data-path-to-node=\"14\" data-index-in-node=\"0\">\u00bfSon las lentes seguras para obras de construcci\u00f3n?<\/b> Absolutamente. <span class=\"citation-129 citation-end-129\">El dispositivo incluye pantallas protectoras certificadas ANSI Z87.1, cumpliendo los est\u00e1ndares industriales de protecci\u00f3n ocular contra impactos y peligros.<\/span><\/p>\n<div class=\"source-inline-chip-container ng-star-inserted\"><\/div>\n<p>&nbsp;<\/p>\n<\/div>\n","protected":false},"excerpt":{"rendered":"<h3 data-path-to-node=\"0\">Rendimiento AR Binocular Profesional<\/h3>\n<ul data-path-to-node=\"1\">\n<li>\n<p data-path-to-node=\"1,0,0\">Propiedad de hardware flexible o licenciamiento de software empresarial<\/p>\n<\/li>\n<li>\n<p data-path-to-node=\"1,1,0\">Dise\u00f1o ergon\u00f3mico y equilibrado para comodidad en turnos largos<\/p>\n<\/li>\n<li>\n<p data-path-to-node=\"1,2,0\"><span class=\"citation-160 citation-end-160\">Pantalla binocular Si-OLED Full HD de alto contraste<\/span><\/p>\n<\/li>\n<li>\n<p data-path-to-node=\"1,3,0\">Navegaci\u00f3n compatible con controlador t\u00e1ctil y voz<\/p>\n<\/li>\n<li>\n<p data-path-to-node=\"1,4,0\">Plataforma Android estandarizada para gesti\u00f3n IT sin esfuerzo<\/p>\n<\/li>\n<li>\n<p data-path-to-node=\"1,5,0\">Campo de visi\u00f3n inmersivo amplio y de alta resoluci\u00f3n<\/p>\n<h4><span style=\"color: red;\">En stock \u00a0\u00b7 Entrega en 5 d\u00edas<\/span><\/h4>\n<\/li>\n<\/ul>\n<h4><span style=\"color: red;\">En stock \u00a0\u00b7 Entrega en 5 d\u00edas<\/span><\/h4>\n","protected":false},"featured_media":144,"comment_status":"closed","ping_status":"closed","template":"","meta":{"_acf_changed":false},"product_brand":[],"product_cat":[48,47],"product_tag":[49],"class_list":{"0":"post-146","1":"product","2":"type-product","3":"status-publish","4":"has-post-thumbnail","6":"product_cat-epson","7":"product_cat-gafas-inteligentes","8":"product_tag-gafas-inteligentes","10":"first","11":"instock","12":"taxable","13":"shipping-taxable","14":"purchasable","15":"product-type-simple"},"acf":[],"_links":{"self":[{"href":"https:\/\/shop.wideum.com\/es\/wp-json\/wp\/v2\/product\/146","targetHints":{"allow":["GET"]}}],"collection":[{"href":"https:\/\/shop.wideum.com\/es\/wp-json\/wp\/v2\/product"}],"about":[{"href":"https:\/\/shop.wideum.com\/es\/wp-json\/wp\/v2\/types\/product"}],"replies":[{"embeddable":true,"href":"https:\/\/shop.wideum.com\/es\/wp-json\/wp\/v2\/comments?post=146"}],"wp:featuredmedia":[{"embeddable":true,"href":"https:\/\/shop.wideum.com\/es\/wp-json\/wp\/v2\/media\/144"}],"wp:attachment":[{"href":"https:\/\/shop.wideum.com\/es\/wp-json\/wp\/v2\/media?parent=146"}],"wp:term":[{"taxonomy":"product_brand","embeddable":true,"href":"https:\/\/shop.wideum.com\/es\/wp-json\/wp\/v2\/product_brand?post=146"},{"taxonomy":"product_cat","embeddable":true,"href":"https:\/\/shop.wideum.com\/es\/wp-json\/wp\/v2\/product_cat?post=146"},{"taxonomy":"product_tag","embeddable":true,"href":"https:\/\/shop.wideum.com\/es\/wp-json\/wp\/v2\/product_tag?post=146"}],"curies":[{"name":"wp","href":"https:\/\/api.w.org\/{rel}","templated":true}]}}