{"id":145,"date":"2026-03-12T11:02:04","date_gmt":"2026-03-12T11:02:04","guid":{"rendered":"https:\/\/shop.wideum.com\/product\/process-eye\/"},"modified":"2026-04-02T10:56:37","modified_gmt":"2026-04-02T10:56:37","slug":"process-eye","status":"publish","type":"product","link":"https:\/\/shop.wideum.com\/es\/producto\/process-eye\/","title":{"rendered":"Process eye"},"content":{"rendered":"<p id=\"p-rc_eb84f586d0fedf2d-20\" data-path-to-node=\"4\"><span class=\"citation-12 citation-end-12\">Process eye es una plataforma especializada de gesti\u00f3n de flujos de trabajo que digitaliza manuales y listas de verificaci\u00f3n industriales en instrucciones interactivas paso a paso.<\/span> <span class=\"citation-11 citation-end-11\">Al combinar Realidad Aumentada (RA) con Machine Learning, gu\u00eda a los operarios de primera l\u00ednea en tareas complejas, garantiza el cumplimiento mediante evidencias visuales obligatorias y utiliza IA para verificar que los pasos cr\u00edticos se realizan correctamente, todo ello sin necesidad de una conexi\u00f3n en directo con un experto remoto.<\/span><\/p>\n<h3 data-path-to-node=\"8\"><b data-path-to-node=\"8\" data-index-in-node=\"0\">C\u00f3mo funciona con su hardware:<\/b><\/h3>\n<p data-path-to-node=\"9\">Mientras que <b data-path-to-node=\"9\" data-index-in-node=\"6\">Remote eye<\/b> es para la colaboraci\u00f3n en directo, <b data-path-to-node=\"9\" data-index-in-node=\"44\">Process eye<\/b> es el socio \u00abaut\u00f3nomo\u00bb. Permite a un t\u00e9cnico cargar un protocolo de inspecci\u00f3n complejo directamente en sus gafas inteligentes, seguir pasos guiados por RA en una mina remota o en un s\u00f3tano <b data-path-to-node=\"9\" data-index-in-node=\"238\">sin internet<\/b>, y generar autom\u00e1ticamente un informe PDF certificado en el momento en que vuelve a una zona con Wi\u2011Fi.<\/p>\n<h3 data-path-to-node=\"10\"><b data-path-to-node=\"10\" data-index-in-node=\"0\">Caracter\u00edsticas clave para p\u00e1ginas de productos:<\/b><\/h3>\n<ul data-path-to-node=\"11\">\n<li>\n<p id=\"p-rc_eb84f586d0fedf2d-22\" data-path-to-node=\"11,0,0\"><b data-path-to-node=\"11,0,0\" data-index-in-node=\"0\"><span class=\"citation-9\">Prevenci\u00f3n de errores:<\/span><\/b><span class=\"citation-9 citation-end-9\"> El reconocimiento de im\u00e1genes mediante Machine Learning identifica si una v\u00e1lvula est\u00e1 abierta\/cerrada o si un n\u00famero de serie coincide con la orden de trabajo antes de permitir que el t\u00e9cnico contin\u00fae.<\/span><\/p>\n<\/li>\n<li>\n<p id=\"p-rc_eb84f586d0fedf2d-23\" data-path-to-node=\"11,1,0\"><b data-path-to-node=\"11,1,0\" data-index-in-node=\"0\">Trazabilidad total:<\/b><span class=\"citation-8 citation-end-8\"> Cada paso requiere \u00abprueba de trabajo\u00bb (foto, v\u00eddeo o entrada de datos), creando un rastro documental digital para auditor\u00edas y seguros.<\/span><\/p>\n<\/li>\n<li>\n<p data-path-to-node=\"11,2,0\"><b data-path-to-node=\"11,2,0\" data-index-in-node=\"0\">Incorporaci\u00f3n r\u00e1pida:<\/b> Convierta a t\u00e9cnicos junior en expertos proporcion\u00e1ndoles la referencia visual exacta de \u00abver lo que yo veo\u00bb para cada tornillo y cable con el que se encuentren.<\/p>\n<\/li>\n<li>\n<p id=\"p-rc_eb84f586d0fedf2d-24\" data-path-to-node=\"11,3,0\"><b data-path-to-node=\"11,3,0\" data-index-in-node=\"0\"><span class=\"citation-7\">Integraci\u00f3n a medida:<\/span><\/b><span class=\"citation-7 citation-end-7\"> Env\u00eda sin fricciones los informes y datos completados a su ERP, CRM o GMAO\/CMMS existente (como SAP o Salesforce).<\/span><\/p>\n<\/li>\n<\/ul>\n<p>&nbsp;<\/p>\n<div id=\"model-response-message-contentr_d279d766c061aa89\" class=\"markdown markdown-main-panel stronger enable-updated-hr-color\" dir=\"ltr\" aria-live=\"polite\" aria-busy=\"false\">\n<p data-path-to-node=\"0\">Mis disculpas: eliminemos lo superfluo y centr\u00e9monos exclusivamente en las funciones principales y los detalles t\u00e9cnicos de <b data-path-to-node=\"0\" data-index-in-node=\"111\">Process eye<\/b>, con el formato del estilo de la p\u00e1gina de RealWear Navigator 520.<\/p>\n<h3 data-path-to-node=\"2\"><\/h3>\n<h3 data-path-to-node=\"2\"><b data-path-to-node=\"2\" data-index-in-node=\"0\">Preguntas Frecuentes<\/b><\/h3>\n<p data-path-to-node=\"3\"><b data-path-to-node=\"3\" data-index-in-node=\"0\">\u00bfCu\u00e1l es el prop\u00f3sito principal de Process eye?<\/b><\/p>\n<p data-path-to-node=\"3\">Process Eye es un <b data-path-to-node=\"3\" data-index-in-node=\"58\">software de flujo de trabajo digital y POE (Procedimiento Operativo Est\u00e1ndar)<\/b>. A diferencia de las herramientas de videollamada, est\u00e1 dise\u00f1ado para digitalizar listas de verificaci\u00f3n en papel, manuales de mantenimiento y formularios de inspecci\u00f3n. Proporciona a los t\u00e9cnicos instrucciones visuales paso a paso directamente en sus gafas inteligentes o dispositivos m\u00f3viles, garantizando que las tareas se completen con un 100 % de precisi\u00f3n.<\/p>\n<p data-path-to-node=\"4\"><b data-path-to-node=\"4\" data-index-in-node=\"0\">\u00bfSe puede usar Process Eye sin conexi\u00f3n a internet?<\/b><\/p>\n<p data-path-to-node=\"4\">S\u00ed. Process Eye incorpora un s\u00f3lido <b data-path-to-node=\"4\" data-index-in-node=\"91\">modo sin conexi\u00f3n<\/b>. Los t\u00e9cnicos pueden descargar en su dispositivo los flujos de trabajo asignados (listas de verificaci\u00f3n, diagramas o v\u00eddeos) antes de entrar en zonas industriales remotas o apantalladas. Cuando el dispositivo vuelve a conectarse a Wi\u2011Fi o 4G, todos los datos, fotos y firmas capturados se sincronizan autom\u00e1ticamente con la consola de gesti\u00f3n.<\/p>\n<p data-path-to-node=\"5\"><b data-path-to-node=\"5\" data-index-in-node=\"0\">\u00bfNecesito conocimientos de programaci\u00f3n para crear mis propios flujos de trabajo?<\/b><\/p>\n<p data-path-to-node=\"5\">No. La plataforma incluye un intuitivo <b data-path-to-node=\"5\" data-index-in-node=\"96\">creador de flujos de trabajo sin c\u00f3digo<\/b>. Con una interfaz de arrastrar y soltar, los responsables pueden crear procedimientos industriales complejos \u2014incorporando elementos como \u00abHacer foto\u00bb, \u00abEscanear c\u00f3digo QR\u00bb, \u00abEntrada num\u00e9rica\u00bb o \u00abComprobaci\u00f3n aprobado\/no aprobado\u00bb\u2014 sin escribir una sola l\u00ednea de c\u00f3digo.<\/p>\n<p data-path-to-node=\"6\"><b data-path-to-node=\"6\" data-index-in-node=\"0\">\u00bfQu\u00e9 hardware es compatible con Process Eye?<\/b><\/p>\n<p data-path-to-node=\"6\">Process Eye est\u00e1 altamente optimizado para una <b data-path-to-node=\"6\" data-index-in-node=\"85\">experiencia manos libres<\/b> en gafas inteligentes industriales, en concreto <b data-path-to-node=\"6\" data-index-in-node=\"153\">RealWear Navigator 500\/520<\/b> y <b data-path-to-node=\"6\" data-index-in-node=\"184\">Vuzix<\/b>. Tambi\u00e9n se ejecuta de forma nativa en smartphones y tablets <b data-path-to-node=\"6\" data-index-in-node=\"216\">Android e iOS<\/b>, lo que permite un proceso digital estandarizado en toda su flota mixta de dispositivos.<\/p>\n<p data-path-to-node=\"7\"><b data-path-to-node=\"7\" data-index-in-node=\"0\">\u00bfC\u00f3mo gestiona el software el cumplimiento y las auditor\u00edas?<\/b><\/p>\n<p data-path-to-node=\"7\">El software ofrece <b data-path-to-node=\"7\" data-index-in-node=\"76\">trazabilidad total<\/b>. Cada paso completado por un t\u00e9cnico se registra autom\u00e1ticamente con marca de tiempo y geolocalizaci\u00f3n. Puede exigir \u00abAcciones obligatorias\u00bb, como hacer una foto de un componente espec\u00edfico o aportar una firma digital, para garantizar que los protocolos de seguridad y calidad se han seguido exactamente seg\u00fan lo prescrito.<\/p>\n<p data-path-to-node=\"8\"><b data-path-to-node=\"8\" data-index-in-node=\"0\">\u00bfProcess Eye genera informes autom\u00e1ticamente?<\/b><\/p>\n<p data-path-to-node=\"8\">S\u00ed. Al completar un flujo de trabajo, el sistema puede <b data-path-to-node=\"8\" data-index-in-node=\"100\">generar autom\u00e1ticamente un informe en PDF o Excel<\/b>. Este informe incluye todos los datos capturados, fotos anotadas y marcas de tiempo. Estos informes pueden enviarse por correo al instante a los supervisores o integrarse en sus sistemas ERP o GMAO\/CMMS existentes mediante nuestra API.<\/p>\n<p data-path-to-node=\"9\"><b data-path-to-node=\"9\" data-index-in-node=\"0\">\u00bfQu\u00e9 ocurre si un t\u00e9cnico se queda atascado al seguir un flujo de trabajo?<\/b><\/p>\n<p data-path-to-node=\"9\">Process Eye est\u00e1 <b data-path-to-node=\"9\" data-index-in-node=\"83\">totalmente integrado con Remote Eye<\/b>. Si un t\u00e9cnico se encuentra con un problema inesperado durante un POE digital, puede activar una videollamada SOS en directo con un experto remoto directamente desde la interfaz del flujo de trabajo, lo que permite una orientaci\u00f3n inmediata en tiempo real sin perder su lugar en el proceso.<\/p>\n<h3 data-path-to-node=\"11\"><b data-path-to-node=\"11\" data-index-in-node=\"0\">\u00bfPor qu\u00e9 implementar Process Eye en sus operaciones?<\/b><\/h3>\n<ul data-path-to-node=\"12\">\n<li>\n<p data-path-to-node=\"12,0,0\"><b data-path-to-node=\"12,0,0\" data-index-in-node=\"0\">Elimine el error humano:<\/b> Gu\u00ede a los t\u00e9cnicos en secuencias complejas con indicaciones visuales que evitan que se salten o malinterpreten pasos cr\u00edticos de mantenimiento.<\/p>\n<\/li>\n<li>\n<p data-path-to-node=\"12,1,0\"><b data-path-to-node=\"12,1,0\" data-index-in-node=\"0\">Elimine el papel:<\/b> Transforme registros en papel desordenados en una base de datos digital segura y con b\u00fasqueda, reduciendo la carga administrativa y el riesgo de perder documentaci\u00f3n.<\/p>\n<\/li>\n<li>\n<p data-path-to-node=\"12,2,0\"><b data-path-to-node=\"12,2,0\" data-index-in-node=\"0\">Acelere la incorporaci\u00f3n:<\/b> Reduzca el tiempo de formaci\u00f3n de las nuevas incorporaciones proporcionando \u00abmentores digitales\u00bb en sus visores que les gu\u00eden en las tareas desde el primer d\u00eda.<\/p>\n<\/li>\n<li>\n<p data-path-to-node=\"12,3,0\"><b data-path-to-node=\"12,3,0\" data-index-in-node=\"0\">Anal\u00edtica operativa:<\/b> Obtenga informaci\u00f3n sobre cu\u00e1nto duran tareas espec\u00edficas en toda su organizaci\u00f3n, lo que le permite identificar cuellos de botella y optimizar la eficiencia de su plantilla.<\/p>\n<\/li>\n<\/ul>\n<p>&nbsp;<\/p>\n<\/div>\n","protected":false},"excerpt":{"rendered":"<h3 data-path-to-node=\"5\"><b data-path-to-node=\"5\" data-index-in-node=\"0\">Process Eye: Atributos del software empresarial<\/b><\/h3>\n<ul data-path-to-node=\"6\">\n<li>\n<p data-path-to-node=\"6,0,0\"><b data-path-to-node=\"6,0,0\" data-index-in-node=\"0\">Verificaci\u00f3n automatizada de tareas impulsada por IA<\/b><\/p>\n<\/li>\n<li>\n<p data-path-to-node=\"6,1,0\"><b data-path-to-node=\"6,1,0\" data-index-in-node=\"0\">Ejecuci\u00f3n de flujos de trabajo digitales lista para uso sin conexi\u00f3n<\/b><\/p>\n<\/li>\n<li>\n<p data-path-to-node=\"6,2,0\"><b data-path-to-node=\"6,2,0\" data-index-in-node=\"0\">Dise\u00f1ador intuitivo de procedimientos sin c\u00f3digo<\/b><\/p>\n<\/li>\n<li>\n<p data-path-to-node=\"6,3,0\"><b data-path-to-node=\"6,3,0\" data-index-in-node=\"0\">Trazabilidad y evidencias multimedia obligatorias<\/b><\/p>\n<\/li>\n<li>\n<p data-path-to-node=\"6,4,0\"><b data-path-to-node=\"6,4,0\" data-index-in-node=\"0\">Compatibilidad con un ecosistema multidispositivo agn\u00f3stico<\/b><\/p>\n<\/li>\n<li>\n<p id=\"p-rc_eb84f586d0fedf2d-21\" data-path-to-node=\"6,5,0\"><b data-path-to-node=\"6,5,0\" data-index-in-node=\"0\"><span class=\"citation-10 citation-end-10\">Documentaci\u00f3n manos libres de voz a texto<\/span><\/b><\/p>\n<\/li>\n<li>\n<p data-path-to-node=\"6,6,0\"><b data-path-to-node=\"6,6,0\" data-index-in-node=\"0\">Seguridad de datos y cumplimiento de nivel bancario<\/b><\/p>\n<\/li>\n<\/ul>\n<p>Kit de inicio de control remoto ocular (12 meses) *<br \/>\n* Los kits de inicio incluyen la configuraci\u00f3n y sesiones de capacitaci\u00f3n en l\u00ednea.<\/p>\n<h4><span style=\"color: red;\">En stock \u00a0\u00b7 Entrega en 5 d\u00edas<\/span><\/h4>\n","protected":false},"featured_media":143,"comment_status":"closed","ping_status":"closed","template":"","meta":{"_acf_changed":false},"product_brand":[],"product_cat":[45],"product_tag":[46],"class_list":{"0":"post-145","1":"product","2":"type-product","3":"status-publish","4":"has-post-thumbnail","6":"product_cat-software","7":"product_tag-software","9":"first","10":"instock","11":"taxable","12":"shipping-taxable","13":"purchasable","14":"product-type-simple"},"acf":[],"_links":{"self":[{"href":"https:\/\/shop.wideum.com\/es\/wp-json\/wp\/v2\/product\/145","targetHints":{"allow":["GET"]}}],"collection":[{"href":"https:\/\/shop.wideum.com\/es\/wp-json\/wp\/v2\/product"}],"about":[{"href":"https:\/\/shop.wideum.com\/es\/wp-json\/wp\/v2\/types\/product"}],"replies":[{"embeddable":true,"href":"https:\/\/shop.wideum.com\/es\/wp-json\/wp\/v2\/comments?post=145"}],"wp:featuredmedia":[{"embeddable":true,"href":"https:\/\/shop.wideum.com\/es\/wp-json\/wp\/v2\/media\/143"}],"wp:attachment":[{"href":"https:\/\/shop.wideum.com\/es\/wp-json\/wp\/v2\/media?parent=145"}],"wp:term":[{"taxonomy":"product_brand","embeddable":true,"href":"https:\/\/shop.wideum.com\/es\/wp-json\/wp\/v2\/product_brand?post=145"},{"taxonomy":"product_cat","embeddable":true,"href":"https:\/\/shop.wideum.com\/es\/wp-json\/wp\/v2\/product_cat?post=145"},{"taxonomy":"product_tag","embeddable":true,"href":"https:\/\/shop.wideum.com\/es\/wp-json\/wp\/v2\/product_tag?post=145"}],"curies":[{"name":"wp","href":"https:\/\/api.w.org\/{rel}","templated":true}]}}