{"id":138,"date":"2026-03-12T11:12:00","date_gmt":"2026-03-12T11:12:00","guid":{"rendered":"https:\/\/shop.wideum.com\/product\/arc-3-base-estacion-de-carga\/"},"modified":"2026-04-02T10:56:01","modified_gmt":"2026-04-02T10:56:01","slug":"arc-3-base-estacion-de-carga","status":"publish","type":"product","link":"https:\/\/shop.wideum.com\/es\/producto\/arc-3-base-estacion-de-carga\/","title":{"rendered":"Arc 3 Base &#8211; Estaci\u00f3n de carga"},"content":{"rendered":"<div id=\"model-response-message-contentr_324cc8ac37e39de8\" class=\"markdown markdown-main-panel stronger enable-updated-hr-color\" dir=\"ltr\" aria-live=\"polite\" aria-busy=\"false\">\n<p data-path-to-node=\"0\">La <b data-path-to-node=\"0\" data-index-in-node=\"4\">RealWear ARC Base<\/b> es la soluci\u00f3n de acoplamiento y carga dedicada para las gafas inteligentes industriales RealWear Arc 3. Est\u00e1 dise\u00f1ada para garantizar que el dispositivo se mantenga organizado, seguro y listo para su despliegue inmediato en exigentes entornos de primera l\u00ednea.<\/p>\n<h3 data-path-to-node=\"1\"><b data-path-to-node=\"1\" data-index-in-node=\"0\">Descripci\u00f3n del Producto<\/b><\/h3>\n<p id=\"p-rc_18f39ba469357957-19\" data-path-to-node=\"2\">La RealWear ARC Base es mucho m\u00e1s que un simple cable de carga; es una estaci\u00f3n de nivel profesional que agiliza el mantenimiento de su hardware de realidad asistida. <span class=\"citation-7 citation-end-7\">Dise\u00f1ada para ofrecer versatilidad, la base puede colocarse sobre una superficie plana, como un banco de trabajo o un escritorio, o montarse en la pared para ahorrar espacio y crear un \u00abhogar\u00bb permanente para el visor en una sala de herramientas o zona de taquillas.<\/span><\/p>\n<p id=\"p-rc_18f39ba469357957-20\" data-path-to-node=\"3\">Una de sus caracter\u00edsticas m\u00e1s destacadas es su <b data-path-to-node=\"3\" data-index-in-node=\"36\">capacidad de carga de alta velocidad<\/b>, que reduce significativamente el tiempo de inactividad de los trabajadores. <span class=\"citation-6 citation-end-6\">Cuando est\u00e1 acoplado, el Arc 3 puede cargarse del 20% al 80% en aproximadamente 25 minutos, lo que lo hace ideal para turnos de ritmo r\u00e1pido en los que cada minuto cuenta.<\/span> Su formato est\u00e1 espec\u00edficamente adaptado a la geometr\u00eda \u00fanica del Arc 3, proporcionando un ajuste seguro de \u00abcolocaci\u00f3n directa\u00bb que elimina los problemas asociados a los cables USB-C est\u00e1ndar, especialmente al llevar guantes. <span class=\"citation-5 citation-end-5\">Al proporcionar un punto de almacenamiento dedicado, la ARC Base tambi\u00e9n ayuda a evitar da\u00f1os accidentales y p\u00e9rdidas, garantizando que el dispositivo est\u00e9 siempre completamente cargado y al alcance cuando un trabajador necesite salir al campo.<\/span><\/p>\n<\/div>\n<div class=\"source-inline-chip-container ng-star-inserted\">\n<div id=\"model-response-message-contentr_4e3920cdf2cb4000\" class=\"markdown markdown-main-panel stronger enable-updated-hr-color\" dir=\"ltr\" aria-live=\"polite\" aria-busy=\"false\">\n<p data-path-to-node=\"0\">Bas\u00e1ndonos en el estilo de la p\u00e1gina de RealWear Navigator 520, aqu\u00ed tiene una secci\u00f3n de preguntas frecuentes personalizada para la <b data-path-to-node=\"0\" data-index-in-node=\"96\">Arc 3 Base &#8211; Estaci\u00f3n de carga<\/b>.<\/p>\n<h3 data-path-to-node=\"2\"><\/h3>\n<h3 data-path-to-node=\"2\"><b data-path-to-node=\"2\" data-index-in-node=\"0\">Preguntas Frecuentes<\/b><\/h3>\n<p id=\"p-rc_093879dbf2e733f1-48\" data-path-to-node=\"3\"><b data-path-to-node=\"3\" data-index-in-node=\"0\">\u00bfQu\u00e9 dispositivos son compatibles con la Arc 3 Base?<\/b><\/p>\n<p id=\"p-rc_093879dbf2e733f1-48\" data-path-to-node=\"3\"><span class=\"citation-65\">La Arc 3 Base est\u00e1 dise\u00f1ada exclusivamente para el <\/span><b data-path-to-node=\"3\" data-index-in-node=\"97\"><span class=\"citation-65\">RealWear Arc 3<\/span><\/b><span class=\"citation-65 citation-end-65\"> wearable de realidad asistida.<\/span> <span class=\"citation-64 citation-end-64\">Su interfaz de acoplamiento personalizada garantiza una conexi\u00f3n segura y estable, espec\u00edficamente adaptada al formato \u00fanico de la serie Arc 3.<\/span><\/p>\n<p id=\"p-rc_093879dbf2e733f1-49\" data-path-to-node=\"4\"><b data-path-to-node=\"4\" data-index-in-node=\"0\">\u00bfCon qu\u00e9 rapidez puedo cargar mi dispositivo con esta estaci\u00f3n?<\/b><\/p>\n<p id=\"p-rc_093879dbf2e733f1-49\" data-path-to-node=\"4\"><span class=\"citation-63 citation-end-63\">La Arc 3 Base est\u00e1 dise\u00f1ada para la eficiencia y admite capacidades de carga r\u00e1pida.<\/span> <span class=\"citation-62\">Puede cargar un RealWear Arc 3 del <\/span><b data-path-to-node=\"4\" data-index-in-node=\"171\"><span class=\"citation-62\">20% al 80% en aproximadamente 25 minutos<\/span><\/b><span class=\"citation-62 citation-end-62\">, y alcanzar una carga completa del 0% al 100% en unos 60 minutos.<\/span><\/p>\n<p id=\"p-rc_093879dbf2e733f1-50\" data-path-to-node=\"5\"><b data-path-to-node=\"5\" data-index-in-node=\"0\">\u00bfLa estaci\u00f3n de carga incluye un adaptador de corriente?<\/b><\/p>\n<p id=\"p-rc_093879dbf2e733f1-50\" data-path-to-node=\"5\"><span class=\"citation-61\">No, la Arc 3 Base incluye la estaci\u00f3n de acoplamiento y un cable de carga integrado, pero <\/span><b data-path-to-node=\"5\" data-index-in-node=\"139\"><span class=\"citation-61\">no incluye un adaptador de corriente USB-C<\/span><\/b><span class=\"citation-61 citation-end-61\">.<\/span> Recomendamos utilizar la fuente de alimentaci\u00f3n USB-C oficial de RealWear suministrada con su dispositivo Arc 3 o un adaptador compatible de alta potencia para obtener velocidades de carga \u00f3ptimas.<\/p>\n<p id=\"p-rc_093879dbf2e733f1-51\" data-path-to-node=\"6\"><b data-path-to-node=\"6\" data-index-in-node=\"0\">\u00bfSe puede montar la Arc 3 Base en la pared?<\/b><\/p>\n<p id=\"p-rc_093879dbf2e733f1-51\" data-path-to-node=\"6\">S\u00ed. <span class=\"citation-60\">Para las empresas que buscan ahorrar espacio de trabajo o crear estaciones dedicadas de \u00abcoger y salir\u00bb, la Arc 3 Base incluye un <\/span><b data-path-to-node=\"6\" data-index-in-node=\"159\"><span class=\"citation-60\">soporte y herrajes para montaje en pared<\/span><\/b><span class=\"citation-60 citation-end-60\">.<\/span> Est\u00e1 dise\u00f1ada para funcionar perfectamente tanto como unidad de sobremesa como fijada a la pared.<\/p>\n<p id=\"p-rc_093879dbf2e733f1-52\" data-path-to-node=\"7\"><b data-path-to-node=\"7\" data-index-in-node=\"0\">\u00bfEs f\u00e1cil acoplar el dispositivo en entornos oscuros o con poca luz?<\/b><\/p>\n<p id=\"p-rc_093879dbf2e733f1-52\" data-path-to-node=\"7\">Absolutamente. La estaci\u00f3n cuenta con un dise\u00f1o de \u00abcolocaci\u00f3n directa\u00bb que gu\u00eda el dispositivo hasta la alineaci\u00f3n correcta. <span class=\"citation-59 citation-end-59\">Una vez acoplado, el dispositivo se enciende autom\u00e1ticamente y comienza a cargarse, eliminando la necesidad de manipular manualmente cables o conectores peque\u00f1os.<\/span><\/p>\n<p id=\"p-rc_093879dbf2e733f1-53\" data-path-to-node=\"8\"><b data-path-to-node=\"8\" data-index-in-node=\"0\">\u00bfAdmite transferencia de datos o solo carga?<\/b><\/p>\n<p id=\"p-rc_093879dbf2e733f1-53\" data-path-to-node=\"8\"><span class=\"citation-58\">La Arc 3 Base est\u00e1 dise\u00f1ada principalmente como una <\/span><b data-path-to-node=\"8\" data-index-in-node=\"90\"><span class=\"citation-58\">soluci\u00f3n de suministro de energ\u00eda<\/span><\/b><span class=\"citation-58 citation-end-58\"> para garantizar que su flota est\u00e9 siempre lista para el turno.<\/span> Para la transferencia de datos o actualizaciones de firmware mediante un PC, recomendamos usar una conexi\u00f3n directa con un cable USB-C a USB-C\/A.<\/p>\n<h3 data-path-to-node=\"10\"><b data-path-to-node=\"10\" data-index-in-node=\"0\">\u00bfPor qu\u00e9 elegir la Arc 3 Base para su flota?<\/b><\/h3>\n<ul data-path-to-node=\"11\">\n<li>\n<p id=\"p-rc_093879dbf2e733f1-54\" data-path-to-node=\"11,0,0\"><b data-path-to-node=\"11,0,0\" data-index-in-node=\"0\"><span class=\"citation-57\">Maximice el tiempo operativo:<\/span><\/b><span class=\"citation-57 citation-end-57\"> Con la tecnolog\u00eda de carga r\u00e1pida, su equipo pasa menos tiempo esperando en el punto de carga y m\u00e1s tiempo realizando tareas cr\u00edticas en el campo.<\/span><\/p>\n<\/li>\n<li>\n<p data-path-to-node=\"11,1,0\"><b data-path-to-node=\"11,1,0\" data-index-in-node=\"0\">Proteja su inversi\u00f3n:<\/b> Una estaci\u00f3n de acoplamiento dedicada reduce el desgaste del puerto USB-C del dispositivo en comparaci\u00f3n con la conexi\u00f3n manual repetida del cable.<\/p>\n<\/li>\n<li>\n<p data-path-to-node=\"11,2,0\"><b data-path-to-node=\"11,2,0\" data-index-in-node=\"0\">Espacio de trabajo organizado:<\/b> Elimine el desorden de cables y evite ca\u00eddas accidentales proporcionando un hogar seguro y designado para sus dispositivos Arc 3 cuando no se utilicen.<\/p>\n<\/li>\n<li>\n<p data-path-to-node=\"11,3,0\"><b data-path-to-node=\"11,3,0\" data-index-in-node=\"0\">Despliegue escalable:<\/b> Ideal para configuraciones de \u00abtool crib\u00bb en las que varias unidades se montan juntas en la pared, garantizando que cada trabajador comience su turno con un dispositivo cargado al 100%.<\/p>\n<\/li>\n<\/ul>\n<\/div>\n<\/div>\n","protected":false},"excerpt":{"rendered":"<ul data-path-to-node=\"5\">\n<li>\n<p id=\"p-rc_18f39ba469357957-21\" data-path-to-node=\"5,0,0\"><b data-path-to-node=\"5,0,0\" data-index-in-node=\"0\">Velocidad de carga:<\/b><span class=\"citation-4 citation-end-4\"> Compatibilidad con carga r\u00e1pida (del 20% al 80% en ~25 minutos)<\/span><\/p>\n<\/li>\n<li>\n<p data-path-to-node=\"5,1,0\"><b data-path-to-node=\"5,1,0\" data-index-in-node=\"0\">Compatibilidad:<\/b> Dise\u00f1ada exclusivamente para RealWear Arc 3<\/p>\n<\/li>\n<li>\n<p data-path-to-node=\"5,2,0\"><b data-path-to-node=\"5,2,0\" data-index-in-node=\"0\">Opciones de montaje:<\/b> Dise\u00f1o de doble uso (sobremesa o montaje en pared)<\/p>\n<\/li>\n<li>\n<p data-path-to-node=\"5,3,0\"><b data-path-to-node=\"5,3,0\" data-index-in-node=\"0\">Interfaz:<\/b> Pines de carga por contacto directo para un acoplamiento sencillo<\/p>\n<\/li>\n<li>\n<p data-path-to-node=\"5,4,0\"><b data-path-to-node=\"5,4,0\" data-index-in-node=\"0\">Calidad de fabricaci\u00f3n:<\/b> Materiales de grado industrial para mayor durabilidad<\/p>\n<\/li>\n<li>\n<p data-path-to-node=\"5,5,0\"><b data-path-to-node=\"5,5,0\" data-index-in-node=\"0\">Dise\u00f1o:<\/b> Huella compacta y de perfil bajo<\/p>\n<\/li>\n<li>\n<p data-path-to-node=\"5,6,0\"><b data-path-to-node=\"5,6,0\" data-index-in-node=\"0\">Organizaci\u00f3n:<\/b> Proporciona una ubicaci\u00f3n de almacenamiento dedicada y segura para el visor<\/p>\n<h4><span style=\"color: red;\">En stock \u00a0\u00b7 Entrega en 5 d\u00edas<\/span><\/h4>\n<\/li>\n<\/ul>\n","protected":false},"featured_media":137,"comment_status":"closed","ping_status":"closed","template":"","meta":{"_acf_changed":false},"product_brand":[],"product_cat":[44],"product_tag":[],"class_list":{"0":"post-138","1":"product","2":"type-product","3":"status-publish","4":"has-post-thumbnail","6":"product_cat-real-wear","8":"first","9":"instock","10":"taxable","11":"shipping-taxable","12":"purchasable","13":"product-type-simple"},"acf":[],"_links":{"self":[{"href":"https:\/\/shop.wideum.com\/es\/wp-json\/wp\/v2\/product\/138","targetHints":{"allow":["GET"]}}],"collection":[{"href":"https:\/\/shop.wideum.com\/es\/wp-json\/wp\/v2\/product"}],"about":[{"href":"https:\/\/shop.wideum.com\/es\/wp-json\/wp\/v2\/types\/product"}],"replies":[{"embeddable":true,"href":"https:\/\/shop.wideum.com\/es\/wp-json\/wp\/v2\/comments?post=138"}],"wp:featuredmedia":[{"embeddable":true,"href":"https:\/\/shop.wideum.com\/es\/wp-json\/wp\/v2\/media\/137"}],"wp:attachment":[{"href":"https:\/\/shop.wideum.com\/es\/wp-json\/wp\/v2\/media?parent=138"}],"wp:term":[{"taxonomy":"product_brand","embeddable":true,"href":"https:\/\/shop.wideum.com\/es\/wp-json\/wp\/v2\/product_brand?post=138"},{"taxonomy":"product_cat","embeddable":true,"href":"https:\/\/shop.wideum.com\/es\/wp-json\/wp\/v2\/product_cat?post=138"},{"taxonomy":"product_tag","embeddable":true,"href":"https:\/\/shop.wideum.com\/es\/wp-json\/wp\/v2\/product_tag?post=138"}],"curies":[{"name":"wp","href":"https:\/\/api.w.org\/{rel}","templated":true}]}}