{"id":136,"date":"2026-04-06T08:14:24","date_gmt":"2026-04-06T08:14:24","guid":{"rendered":"https:\/\/shop.wideum.com\/product\/realwear-thermal-camera-module\/"},"modified":"2026-04-02T10:55:49","modified_gmt":"2026-04-02T10:55:49","slug":"realwear-thermal-camera-module","status":"publish","type":"product","link":"https:\/\/shop.wideum.com\/es\/producto\/realwear-thermal-camera-module\/","title":{"rendered":"RealWear Thermal Camera Module"},"content":{"rendered":"<div class=\"container\">\n<div id=\"model-response-message-contentr_c7a764d2c845ea03\" class=\"markdown markdown-main-panel stronger enable-updated-hr-color\" dir=\"ltr\" aria-live=\"polite\" aria-busy=\"false\">\n<p data-path-to-node=\"0\"><span class=\"citation-45\">The <\/span><b data-path-to-node=\"0\" data-index-in-node=\"4\"><span class=\"citation-45\">RealWear Thermal Camera Module<\/span><\/b><span class=\"citation-45 citation-end-45\"> is a high-performance, dual-sensor accessory designed specifically for the RealWear Navigator 500 series.<\/span> <span class=\"citation-44 citation-end-44\">It empowers frontline workers with \u00abthe power to see the invisible,\u00bb combining standard high-resolution imaging with advanced thermal technology from Teledyne FLIR.<\/span><\/p>\n<div class=\"source-inline-chip-container ng-star-inserted\"><b data-path-to-node=\"1\" data-index-in-node=\"0\">Descripci\u00f3n del Producto<\/b><\/div>\n<p data-path-to-node=\"2\"><span class=\"citation-43 citation-end-43\">El M\u00f3dulo de C\u00e1mara T\u00e9rmica RealWear es una actualizaci\u00f3n modular que transforma el RealWear Navigator 500 o 520 en una herramienta de termograf\u00eda manos libres.<\/span> <span class=\"citation-42 citation-end-42\">Desarrollado en colaboraci\u00f3n con FLIR, l\u00edder mundial en im\u00e1genes t\u00e9rmicas, este m\u00f3dulo reemplaza la c\u00e1mara est\u00e1ndar para proporcionar a los trabajadores im\u00e1genes infrarrojas en tiempo real de su entorno.<\/span> <span class=\"citation-41 citation-end-41\">Al permitir a los usuarios alternar entre los espectros visible e infrarrojo mediante comandos de voz sencillos, permite la identificaci\u00f3n inmediata de puntos calientes, fugas de energ\u00eda y fricci\u00f3n mec\u00e1nica sin necesidad de equipos port\u00e1tiles.<\/span><\/p>\n<p data-path-to-node=\"3\"><span class=\"citation-40\">El m\u00f3dulo cuenta con cinco modos de imagen distintos, incluyendo el patentado <\/span><b data-path-to-node=\"3\" data-index-in-node=\"84\"><span class=\"citation-40\">MSX\u00ae (Multi-Spectral Dynamic Imaging)<\/span><\/b><span class=\"citation-40 citation-end-40\"> de Teledyne FLIR, que graba detalles de bordes visibles en im\u00e1genes t\u00e9rmicas para una claridad y un contexto inigualables.<\/span> Esto permite a los t\u00e9cnicos leer etiquetas o identificar componentes espec\u00edficos mientras visualizan firmas de calor. <span class=\"citation-39 citation-end-39\">Dise\u00f1ada para igualar la clasificaci\u00f3n IP66 de la serie Navigator, la c\u00e1mara est\u00e1 construida para soportar entornos industriales hostiles \u2014desde refiner\u00edas de petr\u00f3leo y plantas de fabricaci\u00f3n hasta subestaciones el\u00e9ctricas\u2014, asegurando que el mantenimiento preventivo y las inspecciones de seguridad se puedan realizar de manera eficiente y segura, manteniendo un 100 % de operaci\u00f3n manos libres.<\/span><\/p>\n<div class=\"source-inline-chip-container ng-star-inserted\">\n<div id=\"model-response-message-contentr_51109fe257bec41f\" class=\"markdown markdown-main-panel stronger enable-updated-hr-color\" dir=\"ltr\" aria-live=\"polite\" aria-busy=\"false\">\n<p data-path-to-node=\"0\">Basado en la estructura y el estilo de la p\u00e1gina de producto del RealWear Navigator 520, aqu\u00ed tiene una secci\u00f3n de preguntas frecuentes adaptada para el <b data-path-to-node=\"0\" data-index-in-node=\"116\">M\u00f3dulo de C\u00e1mara T\u00e9rmica RealWear<\/b>.<\/p>\n<h3 data-path-to-node=\"2\"><b data-path-to-node=\"2\" data-index-in-node=\"0\">Preguntas Frecuentes<\/b><\/h3>\n<p id=\"p-rc_000b1263611386c0-19\" data-path-to-node=\"3\"><b data-path-to-node=\"3\" data-index-in-node=\"0\"><span class=\"citation-31\">\u00bfQu\u00e9 dispositivos RealWear son compatibles con el M\u00f3dulo de C\u00e1mara T\u00e9rmica?<\/span><\/b><span class=\"citation-31\"><br \/>\nEl M\u00f3dulo de C\u00e1mara T\u00e9rmica est\u00e1 dise\u00f1ado espec\u00edficamente para las series <\/span><b data-path-to-node=\"3\" data-index-in-node=\"129\"><span class=\"citation-31\">RealWear Navigator\u2122 500<\/span><\/b><span class=\"citation-31\"> y <\/span><b data-path-to-node=\"3\" data-index-in-node=\"157\"><span class=\"citation-31\">Navigator\u2122 520<\/span><\/b><span class=\"citation-31 citation-end-31\">.<\/span> <span class=\"citation-30 citation-end-30\">Su dise\u00f1o modular de \u00abclic y listo\u00bb permite reemplazar el sensor de c\u00e1mara est\u00e1ndar en estos modelos espec\u00edficos sin necesidad de herramientas adicionales.<\/span><\/p>\n<p data-path-to-node=\"4\"><b data-path-to-node=\"4\" data-index-in-node=\"0\">\u00bfQu\u00e9 modos de imagen est\u00e1n disponibles con este m\u00f3dulo?<\/b><br \/>\nEl m\u00f3dulo cuenta con cinco modos distintos para proporcionar la m\u00e1xima claridad a los trabajadores de primera l\u00ednea:<\/p>\n<ul data-path-to-node=\"5\">\n<li>\n<p id=\"p-rc_000b1263611386c0-20\" data-path-to-node=\"5,0,0\"><b data-path-to-node=\"5,0,0\" data-index-in-node=\"0\">Imagen T\u00e9rmica:<\/b><span class=\"citation-29 citation-end-29\"> Vista infrarroja est\u00e1ndar que muestra firmas de calor.<\/span><\/p>\n<\/li>\n<li>\n<p id=\"p-rc_000b1263611386c0-21\" data-path-to-node=\"5,1,0\"><b data-path-to-node=\"5,1,0\" data-index-in-node=\"0\">Imagen Visual:<\/b><span class=\"citation-28 citation-end-28\"> Vista de c\u00e1mara est\u00e1ndar de alta definici\u00f3n.<\/span><\/p>\n<\/li>\n<li>\n<p id=\"p-rc_000b1263611386c0-22\" data-path-to-node=\"5,2,0\"><b data-path-to-node=\"5,2,0\" data-index-in-node=\"0\">MSX\u00ae Mejorado:<\/b><span class=\"citation-27 citation-end-27\"> Superpone detalles de luz visible en im\u00e1genes t\u00e9rmicas para una mejor definici\u00f3n de bordes.<\/span><\/p>\n<\/li>\n<li>\n<p id=\"p-rc_000b1263611386c0-23\" data-path-to-node=\"5,3,0\"><b data-path-to-node=\"5,3,0\" data-index-in-node=\"0\"><span class=\"citation-26\">Mezcla (Baja\/Alta):<\/span><\/b><span class=\"citation-26 citation-end-26\"> Combina las se\u00f1ales t\u00e9rmicas y visuales con diferentes transparencias para mostrar las fuentes de calor en relaci\u00f3n con los componentes f\u00edsicos.<\/span><\/p>\n<\/li>\n<\/ul>\n<p id=\"p-rc_000b1263611386c0-24\" data-path-to-node=\"6\"><b data-path-to-node=\"6\" data-index-in-node=\"0\"><span class=\"citation-25\">\u00bfEs el M\u00f3dulo de C\u00e1mara T\u00e9rmica tan robusto como el auricular Navigator?<\/span><\/b><span class=\"citation-25 citation-end-25\"><br \/>\nS\u00ed.<\/span> <span class=\"citation-24\">Una vez acoplado, el m\u00f3dulo mantiene la clasificaci\u00f3n <\/span><b data-path-to-node=\"6\" data-index-in-node=\"119\"><span class=\"citation-24\">IP66<\/span><\/b><span class=\"citation-24 citation-end-24\"> del dispositivo, asegurando su resistencia a fuertes lluvias y polvo.<\/span> Tambi\u00e9n ha sido sometido a pruebas de ca\u00edda seg\u00fan los mismos est\u00e1ndares industriales que la serie Navigator, lo que lo hace adecuado para los entornos m\u00e1s exigentes.<\/p>\n<p id=\"p-rc_000b1263611386c0-25\" data-path-to-node=\"7\"><b data-path-to-node=\"7\" data-index-in-node=\"0\"><span class=\"citation-23\">\u00bfPuedo controlar la configuraci\u00f3n t\u00e9rmica mientras mis manos est\u00e1n ocupadas?<\/span><\/b><span class=\"citation-23 citation-end-23\"><br \/>\nAbsolutamente.<\/span> <span class=\"citation-22 citation-end-22\">El m\u00f3dulo se controla 100 % por voz.<\/span> <span class=\"citation-21 citation-end-21\">Puede alternar entre modos de imagen (por ejemplo, \u00abMostrar T\u00e9rmica\u00bb, \u00abMostrar MSX\u00bb), ajustar la mezcla o tomar una foto usando comandos de voz sencillos, lo que le permite mantenerse concentrado en la tarea en cuesti\u00f3n.<\/span><\/p>\n<p id=\"p-rc_000b1263611386c0-26\" data-path-to-node=\"8\"><b data-path-to-node=\"8\" data-index-in-node=\"0\"><span class=\"citation-20\">\u00bfCu\u00e1l es el rango de temperatura del sensor t\u00e9rmico?<\/span><\/b><span class=\"citation-20\"><br \/>\nEl sensor FLIR\u00ae integrado puede detectar temperaturas que van desde <\/span><b data-path-to-node=\"8\" data-index-in-node=\"118\"><span class=\"citation-20\">-20 \u00b0C hasta 400 \u00b0C (-4 \u00b0F a 752 \u00b0F)<\/span><\/b><span class=\"citation-20 citation-end-20\">.<\/span> <span class=\"citation-19 citation-end-19\">Este amplio rango lo hace ideal para todo, desde la identificaci\u00f3n de fugas de aire fr\u00edo en sistemas HVAC hasta la detecci\u00f3n de sobrecalentamiento en paneles el\u00e9ctricos de alta tensi\u00f3n.<\/span><\/p>\n<p data-path-to-node=\"9\"><b data-path-to-node=\"9\" data-index-in-node=\"0\">\u00bfEl m\u00f3dulo reemplaza la c\u00e1mara est\u00e1ndar de forma permanente?<\/b><br \/>\nNo. Gracias al dise\u00f1o modular del Navigator, puede intercambiar f\u00e1cilmente el M\u00f3dulo de C\u00e1mara T\u00e9rmica por el m\u00f3dulo de c\u00e1mara est\u00e1ndar de 48 MP en segundos si su tarea espec\u00edfica no requiere termograf\u00eda.<\/p>\n<p id=\"p-rc_000b1263611386c0-27\" data-path-to-node=\"10\"><b data-path-to-node=\"10\" data-index-in-node=\"0\">\u00bfPuedo usar la C\u00e1mara T\u00e9rmica durante una sesi\u00f3n de Remote Eye?<\/b><br \/>\nS\u00ed. Al usar el software <b data-path-to-node=\"10\" data-index-in-node=\"83\">Remote Eye<\/b> de Wideum, puede transmitir la vista t\u00e9rmica o MSX directamente a un experto remoto. <span class=\"citation-18 citation-end-18\">Esto permite al experto ver exactamente lo que usted ve \u2014incluidas las firmas de calor\u2014 para ayudar a diagnosticar problemas como fricci\u00f3n en rodamientos o desequilibrios el\u00e9ctricos en tiempo real.<\/span><\/p>\n<p>&nbsp;<\/p>\n<h3 data-path-to-node=\"12\"><b data-path-to-node=\"12\" data-index-in-node=\"0\">\u00bfPor qu\u00e9 elegir el M\u00f3dulo de C\u00e1mara T\u00e9rmica para su negocio?<\/b><\/h3>\n<ul data-path-to-node=\"13\">\n<li>\n<p id=\"p-rc_000b1263611386c0-28\" data-path-to-node=\"13,0,0\"><b data-path-to-node=\"13,0,0\" data-index-in-node=\"0\">Mantenimiento Preventivo:<\/b><span class=\"citation-17 citation-end-17\"> Identifique puntos calientes en motores, bombas e interruptores el\u00e9ctricos antes de que provoquen costosas fallas en los equipos.<\/span><\/p>\n<\/li>\n<li>\n<p data-path-to-node=\"13,1,0\"><b data-path-to-node=\"13,1,0\" data-index-in-node=\"0\">Seguridad Mejorada:<\/b> Detecte fugas de vapor, tuber\u00edas calientes o peligros el\u00e9ctricos desde una distancia segura sin contacto f\u00edsico.<\/p>\n<\/li>\n<li>\n<p data-path-to-node=\"13,2,0\"><b data-path-to-node=\"13,2,0\" data-index-in-node=\"0\">Diagn\u00f3sticos M\u00e1s R\u00e1pidos:<\/b> Reduzca los tiempos de inspecci\u00f3n hasta en un 50 % al visualizar problemas \u00abinvisibles\u00bb que el ojo humano no puede ver.<\/p>\n<\/li>\n<li>\n<p id=\"p-rc_000b1263611386c0-29\" data-path-to-node=\"13,3,0\"><b data-path-to-node=\"13,3,0\" data-index-in-node=\"0\"><span class=\"citation-16\">Documentaci\u00f3n Sin Interrupciones:<\/span><\/b><span class=\"citation-16 citation-end-16\"> Capture fotos y v\u00eddeos t\u00e9rmicos manos libres para incluir en informes de auditor\u00eda e inspecci\u00f3n digitales.<\/span><\/p>\n<\/li>\n<\/ul>\n<\/div>\n<\/div>\n<\/div>\n<\/div>\n","protected":false},"excerpt":{"rendered":"<ul data-path-to-node=\"5\">\n<li>\n<p data-path-to-node=\"5,0,0\"><b data-path-to-node=\"5,0,0\" data-index-in-node=\"0\"><span class=\"citation-38\">Sistema de Doble Sensor:<\/span><\/b><span class=\"citation-38 citation-end-38\"> Integra un sensor de luz visible de 48 MP con un sensor t\u00e9rmico FLIR Lepton\u00ae 3.5<\/span><\/p>\n<\/li>\n<li>\n<p data-path-to-node=\"5,1,0\"><b data-path-to-node=\"5,1,0\" data-index-in-node=\"0\"><span class=\"citation-37\">Resoluci\u00f3n T\u00e9rmica:<\/span><\/b><span class=\"citation-37 citation-end-37\"> 160 x 120 p\u00edxeles<\/span><\/p>\n<\/li>\n<li>\n<p data-path-to-node=\"5,2,0\"><b data-path-to-node=\"5,2,0\" data-index-in-node=\"0\"><span class=\"citation-36\">Rango de Temperatura:<\/span><\/b><span class=\"citation-36 citation-end-36\"> Detecta temperaturas desde -20 \u00b0C hasta 400 \u00b0C (-4 \u00b0F a 752 \u00b0F)<\/span><\/p>\n<\/li>\n<li>\n<p data-path-to-node=\"5,3,0\"><b data-path-to-node=\"5,3,0\" data-index-in-node=\"0\"><span class=\"citation-35\">Modos de Imagen:<\/span><\/b><span class=\"citation-35 citation-end-35\"> 5 modos (Visual, T\u00e9rmico, Mezcla\/Mixto y MSX\u00ae Mejorado)<\/span><\/p>\n<\/li>\n<li>\n<p data-path-to-node=\"5,4,0\"><b data-path-to-node=\"5,4,0\" data-index-in-node=\"0\">Calidad de V\u00eddeo\/Imagen:<\/b><span class=\"citation-34 citation-end-34\"> Admite im\u00e1genes fijas de 12 MP y v\u00eddeo Full HD hasta 60 fps<\/span><\/p>\n<\/li>\n<li>\n<p data-path-to-node=\"5,5,0\"><b data-path-to-node=\"5,5,0\" data-index-in-node=\"0\">Campo de Visi\u00f3n (FOV):<\/b><span class=\"citation-33 citation-end-33\"> 57\u00b0 Horizontal \/ 71\u00b0 Diagonal<\/span><\/p>\n<\/li>\n<li>\n<p data-path-to-node=\"5,6,0\"><b data-path-to-node=\"5,6,0\" data-index-in-node=\"0\"><span class=\"citation-32\">Robustez:<\/span><\/b><span class=\"citation-32 citation-end-32\"> Clasificaci\u00f3n IP66 (resistente al polvo y a potentes chorros de agua)<\/span><\/p>\n<\/li>\n<li>\n<p data-path-to-node=\"5,7,0\"><b data-path-to-node=\"5,7,0\" data-index-in-node=\"0\"><span class=\"citation-31\">Compatibilidad de Software:<\/span><\/b><span class=\"citation-31 citation-end-31\"> Totalmente compatible con FLIR Thermal Studio para informes avanzados<\/span><\/p>\n<\/li>\n<li>\n<p data-path-to-node=\"5,8,0\"><b data-path-to-node=\"5,8,0\" data-index-in-node=\"0\"><span class=\"citation-30\">Dise\u00f1o Modular:<\/span><\/b><span class=\"citation-30 citation-end-30\"> Instalaci\u00f3n \u00abclick-in\u00bb sin herramientas para la serie Navigator 500<\/span><\/p>\n<\/li>\n<li>\n<p data-path-to-node=\"5,9,0\"><b data-path-to-node=\"5,9,0\" data-index-in-node=\"0\"><span class=\"citation-29\">Control:<\/span><\/b><span class=\"citation-29 citation-end-29\"> Operaci\u00f3n 100 % activada por voz, manos libres<\/span><\/p>\n<h4><span style=\"color: red;\">En stock \u00a0\u00b7 Entrega en 5 d\u00edas<\/span><\/h4>\n<\/li>\n<\/ul>\n","protected":false},"featured_media":135,"comment_status":"closed","ping_status":"closed","template":"","meta":{"_acf_changed":false},"product_brand":[],"product_cat":[44],"product_tag":[],"class_list":{"0":"post-136","1":"product","2":"type-product","3":"status-publish","4":"has-post-thumbnail","6":"product_cat-real-wear","8":"first","9":"instock","10":"taxable","11":"shipping-taxable","12":"purchasable","13":"product-type-simple"},"acf":[],"_links":{"self":[{"href":"https:\/\/shop.wideum.com\/es\/wp-json\/wp\/v2\/product\/136","targetHints":{"allow":["GET"]}}],"collection":[{"href":"https:\/\/shop.wideum.com\/es\/wp-json\/wp\/v2\/product"}],"about":[{"href":"https:\/\/shop.wideum.com\/es\/wp-json\/wp\/v2\/types\/product"}],"replies":[{"embeddable":true,"href":"https:\/\/shop.wideum.com\/es\/wp-json\/wp\/v2\/comments?post=136"}],"wp:featuredmedia":[{"embeddable":true,"href":"https:\/\/shop.wideum.com\/es\/wp-json\/wp\/v2\/media\/135"}],"wp:attachment":[{"href":"https:\/\/shop.wideum.com\/es\/wp-json\/wp\/v2\/media?parent=136"}],"wp:term":[{"taxonomy":"product_brand","embeddable":true,"href":"https:\/\/shop.wideum.com\/es\/wp-json\/wp\/v2\/product_brand?post=136"},{"taxonomy":"product_cat","embeddable":true,"href":"https:\/\/shop.wideum.com\/es\/wp-json\/wp\/v2\/product_cat?post=136"},{"taxonomy":"product_tag","embeddable":true,"href":"https:\/\/shop.wideum.com\/es\/wp-json\/wp\/v2\/product_tag?post=136"}],"curies":[{"name":"wp","href":"https:\/\/api.w.org\/{rel}","templated":true}]}}